{"id":5110,"date":"2021-05-27T00:07:46","date_gmt":"2021-05-27T00:07:46","guid":{"rendered":"http:\/\/446175fc46.nxcli.net\/?page_id=5110"},"modified":"2025-05-21T14:38:25","modified_gmt":"2025-05-21T20:38:25","slug":"campaign","status":"publish","type":"page","link":"https:\/\/kidsmealsinc.org\/es\/campaign\/","title":{"rendered":"Construir la esperanza"},"content":{"rendered":"<div data-elementor-type=\"wp-page\" data-elementor-id=\"5110\" class=\"elementor elementor-5110\" data-elementor-post-type=\"page\">\n\t\t\t\t<div class=\"elementor-element elementor-element-cf02a3d pad e-flex e-con-boxed e-con e-parent\" data-id=\"cf02a3d\" data-element_type=\"container\" data-e-type=\"container\" data-settings=\"{&quot;background_background&quot;:&quot;classic&quot;}\">\n\t\t\t\t\t<div class=\"e-con-inner\">\n\t\t\t\t<div class=\"elementor-element elementor-element-f30bb4c elementor-widget elementor-widget-heading\" data-id=\"f30bb4c\" data-element_type=\"widget\" data-e-type=\"widget\" data-widget_type=\"heading.default\">\n\t\t\t\t<div class=\"elementor-widget-container\">\n\t\t\t\t\t<h1 class=\"elementor-heading-title elementor-size-default\">Construir la esperanza<\/h1>\t\t\t\t<\/div>\n\t\t\t\t<\/div>\n\t\t\t\t\t<\/div>\n\t\t\t\t<\/div>\n\t\t<div class=\"elementor-element elementor-element-aca1252 pad e-flex e-con-boxed e-con e-parent\" data-id=\"aca1252\" data-element_type=\"container\" data-e-type=\"container\">\n\t\t\t\t\t<div class=\"e-con-inner\">\n\t\t\t\t<div class=\"elementor-element elementor-element-00a36dc elementor-widget__width-initial elementor-widget elementor-widget-text-editor\" data-id=\"00a36dc\" data-element_type=\"widget\" data-e-type=\"widget\" data-widget_type=\"text-editor.default\">\n\t\t\t\t<div class=\"elementor-widget-container\">\n\t\t\t\t\t\t\t\t\t<h2>La visi\u00f3n<\/h2><p>We are developing a purpose-built 54,000-square-foot facility that will equip us to deliver 26,000 free, healthy meals to preschool-aged children by 2031. Thanks to your incredible support, we have outgrown our current rental space! With over 100,000 preschool-aged children in Harris County living unsure of their next meal, expansion is crucial to meet the growing demand for our services.<\/p>\t\t\t\t\t\t\t\t<\/div>\n\t\t\t\t<\/div>\n\t\t<div class=\"elementor-element elementor-element-490a35e e-con-full e-flex e-con e-child\" data-id=\"490a35e\" data-element_type=\"container\" data-e-type=\"container\">\n\t\t\t\t<div class=\"elementor-element elementor-element-ce6c4ca elementor-widget elementor-widget-heading\" data-id=\"ce6c4ca\" data-element_type=\"widget\" data-e-type=\"widget\" data-widget_type=\"heading.default\">\n\t\t\t\t<div class=\"elementor-widget-container\">\n\t\t\t\t\t<h2 class=\"elementor-heading-title elementor-size-default\">The Goal<\/h2>\t\t\t\t<\/div>\n\t\t\t\t<\/div>\n\t\t\t\t<div class=\"elementor-element elementor-element-bcec18f elementor-widget__width-auto elementor-widget elementor-widget-counter\" data-id=\"bcec18f\" data-element_type=\"widget\" data-e-type=\"widget\" data-widget_type=\"counter.default\">\n\t\t\t\t<div class=\"elementor-widget-container\">\n\t\t\t\t\t\t\t<div class=\"elementor-counter\">\n\t\t\t<div class=\"elementor-counter-title\">Preschool-aged children<br \/>fed each weekday by 2031<\/div>\t\t\t<div class=\"elementor-counter-number-wrapper\">\n\t\t\t\t<span class=\"elementor-counter-number-prefix\"><\/span>\n\t\t\t\t<span class=\"elementor-counter-number\" data-duration=\"2000\" data-to-value=\"26000\" data-from-value=\"0\" data-delimiter=\",\">0<\/span>\n\t\t\t\t<span class=\"elementor-counter-number-suffix\"><\/span>\n\t\t\t<\/div>\n\t\t<\/div>\n\t\t\t\t\t\t<\/div>\n\t\t\t\t<\/div>\n\t\t\t\t<\/div>\n\t\t\t\t<div class=\"elementor-element elementor-element-72f737f elementor-widget__width-inherit elementor-widget elementor-widget-image\" data-id=\"72f737f\" data-element_type=\"widget\" data-e-type=\"widget\" data-widget_type=\"image.default\">\n\t\t\t\t<div class=\"elementor-widget-container\">\n\t\t\t\t\t\t\t\t\t\t\t\t\t\t\t<img fetchpriority=\"high\" decoding=\"async\" width=\"1280\" height=\"640\" src=\"https:\/\/kidsmealsinc.org\/wp-content\/uploads\/Building-Renderings.png\" class=\"attachment-full size-full wp-image-13166\" alt=\"\" srcset=\"https:\/\/kidsmealsinc.org\/wp-content\/uploads\/Building-Renderings.png 1280w, https:\/\/kidsmealsinc.org\/wp-content\/uploads\/Building-Renderings-900x450.png 900w, https:\/\/kidsmealsinc.org\/wp-content\/uploads\/Building-Renderings-1024x512.png 1024w, https:\/\/kidsmealsinc.org\/wp-content\/uploads\/Building-Renderings-300x150.png 300w, https:\/\/kidsmealsinc.org\/wp-content\/uploads\/Building-Renderings-768x384.png 768w, https:\/\/kidsmealsinc.org\/wp-content\/uploads\/Building-Renderings-18x9.png 18w, https:\/\/kidsmealsinc.org\/wp-content\/uploads\/Building-Renderings-1080x540.png 1080w, https:\/\/kidsmealsinc.org\/wp-content\/uploads\/Building-Renderings-980x490.png 980w, https:\/\/kidsmealsinc.org\/wp-content\/uploads\/Building-Renderings-480x240.png 480w\" sizes=\"(max-width: 1280px) 100vw, 1280px\" \/>\t\t\t\t\t\t\t\t\t\t\t\t\t\t\t<\/div>\n\t\t\t\t<\/div>\n\t\t\t\t<div class=\"elementor-element elementor-element-7908da7 elementor-widget__width-inherit elementor-widget elementor-widget-text-editor\" data-id=\"7908da7\" data-element_type=\"widget\" data-e-type=\"widget\" data-widget_type=\"text-editor.default\">\n\t\t\t\t<div class=\"elementor-widget-container\">\n\t\t\t\t\t\t\t\t\t<p>En este nuevo edificio, podremos acoger a m\u00e1s voluntarios, almacenar m\u00e1s alimentos, empaquetar m\u00e1s comidas y ofrecer m\u00e1s almuerzos sanos y gratuitos a los ni\u00f1os de nuestra comunidad.<br \/>Adem\u00e1s de mejorar nuestra eficiencia operativa, el nuevo edificio servir\u00e1 de centro neur\u00e1lgico para la comunidad. Espacios como una cafeter\u00eda y zonas para eventos no s\u00f3lo ofrecer\u00e1n lugares para actos comunitarios, recaudaciones de fondos y programas educativos, sino que tambi\u00e9n simbolizar\u00e1n el esfuerzo colectivo de nuestra comunidad para hacer frente al hambre infantil.<\/p><p>Houston puede ser la primera ciudad en acabar con el hambre infantil, y el nuevo edificio de Kids' Meals es un paso adelante en esta direcci\u00f3n. Porque ning\u00fan ni\u00f1o deber\u00eda pasar hambre. SIEMPRE.<\/p><p>Para obtener m\u00e1s informaci\u00f3n y conocer las oportunidades de nombramiento, env\u00ede un correo electr\u00f3nico a <a href=\"mailto:ali@kidsmealsinc.org\">ali@kidsmealsinc.org<\/a><\/p>\t\t\t\t\t\t\t\t<\/div>\n\t\t\t\t<\/div>\n\t\t\t\t<div class=\"elementor-element elementor-element-ad70297 elementor-widget elementor-widget-button\" data-id=\"ad70297\" data-element_type=\"widget\" data-e-type=\"widget\" data-widget_type=\"button.default\">\n\t\t\t\t<div class=\"elementor-widget-container\">\n\t\t\t\t\t\t\t\t\t<div class=\"elementor-button-wrapper\">\n\t\t\t\t\t<a class=\"elementor-button elementor-button-link elementor-size-sm\" href=\"#form\">\n\t\t\t\t\t\t<span class=\"elementor-button-content-wrapper\">\n\t\t\t\t\t\t\t\t\t<span class=\"elementor-button-text\">I Want to Build Hope!<\/span>\n\t\t\t\t\t<\/span>\n\t\t\t\t\t<\/a>\n\t\t\t\t<\/div>\n\t\t\t\t\t\t\t\t<\/div>\n\t\t\t\t<\/div>\n\t\t\t\t\t<\/div>\n\t\t\t\t<\/div>\n\t\t<div class=\"elementor-element elementor-element-033a0c2 e-con-full e-flex e-con e-parent\" data-id=\"033a0c2\" data-element_type=\"container\" data-e-type=\"container\" data-settings=\"{&quot;background_background&quot;:&quot;classic&quot;}\">\n\t\t<div class=\"elementor-element elementor-element-192e638 e-con-full pad v e-flex e-con e-child\" data-id=\"192e638\" data-element_type=\"container\" data-e-type=\"container\">\n\t\t\t\t<div class=\"elementor-element elementor-element-6adf352 elementor-widget elementor-widget-heading\" data-id=\"6adf352\" data-element_type=\"widget\" data-e-type=\"widget\" data-widget_type=\"heading.default\">\n\t\t\t\t<div class=\"elementor-widget-container\">\n\t\t\t\t\t<h3 class=\"elementor-heading-title elementor-size-default\">You can build hope for Houston\u2019s hungriest preschool-aged children<\/h3>\t\t\t\t<\/div>\n\t\t\t\t<\/div>\n\t\t\t\t<div class=\"elementor-element elementor-element-df03928 elementor-widget elementor-widget-button\" data-id=\"df03928\" data-element_type=\"widget\" data-e-type=\"widget\" data-widget_type=\"button.default\">\n\t\t\t\t<div class=\"elementor-widget-container\">\n\t\t\t\t\t\t\t\t\t<div class=\"elementor-button-wrapper\">\n\t\t\t\t\t<a class=\"elementor-button elementor-button-link elementor-size-sm\" href=\"#form\">\n\t\t\t\t\t\t<span class=\"elementor-button-content-wrapper\">\n\t\t\t\t\t\t\t\t\t<span class=\"elementor-button-text\">Ver oportunidades de nombramiento<\/span>\n\t\t\t\t\t<\/span>\n\t\t\t\t\t<\/a>\n\t\t\t\t<\/div>\n\t\t\t\t\t\t\t\t<\/div>\n\t\t\t\t<\/div>\n\t\t\t\t<\/div>\n\t\t<div class=\"elementor-element elementor-element-693f7f0 e-con-full e-flex e-con e-child\" data-id=\"693f7f0\" data-element_type=\"container\" data-e-type=\"container\" data-settings=\"{&quot;background_background&quot;:&quot;classic&quot;}\">\n\t\t\t\t<\/div>\n\t\t\t\t<\/div>\n\t\t<div class=\"elementor-element elementor-element-1c38052 pad e-flex e-con-boxed e-con e-parent\" data-id=\"1c38052\" data-element_type=\"container\" data-e-type=\"container\" id=\"form\">\n\t\t\t\t\t<div class=\"e-con-inner\">\n\t\t\t\t<div class=\"elementor-element elementor-element-9aa7021 elementor-widget elementor-widget-text-editor\" data-id=\"9aa7021\" data-element_type=\"widget\" data-e-type=\"widget\" data-widget_type=\"text-editor.default\">\n\t\t\t\t<div class=\"elementor-widget-container\">\n\t\t\t\t\t\t\t\t\t<h3>\u00a1Cree esperanza hoy mismo!<\/h3><h4>Make a Pledge<\/h4><p>Donate by check, public traded securities, electronic funds transfer<\/p><p>1. Download and fill-out the Pledge Form <a href=\"https:\/\/kidsmealsinc.org\/wp-content\/uploads\/BHC-Fillable-Pledge-Form-1.pdf\">Here<\/a>.<\/p><p>2. Email the completed form to <a href=\"mailto:Ali@kidsmealsinc.org\">Ali@kidsmealsinc.org<\/a>.<\/p><h4>Donate by Card<\/h4>\t\t\t\t\t\t\t\t<\/div>\n\t\t\t\t<\/div>\n\t\t\t\t<div class=\"elementor-element elementor-element-deb8ed1 elementor-widget elementor-widget-html\" data-id=\"deb8ed1\" data-element_type=\"widget\" data-e-type=\"widget\" data-widget_type=\"html.default\">\n\t\t\t\t<div class=\"elementor-widget-container\">\n\t\t\t\t\t<!-- Start form embed -->\n\n<script src=\"https:\/\/sky.blackbaudcdn.net\/static\/reg-form-loader\/5\/main.js\"><\/script>\n\n<!--\n\nIf you embed multiple forms on your page, only copy one of the <script> lines.\n\nOtherwise, multiple copies of the form will appear.\t\t\t\t<\/div>\n\t\t\t\t<\/div>\n\t\t\t\t\t<\/div>\n\t\t\t\t<\/div>\n\t\t<div class=\"elementor-element elementor-element-ffb53d5 pad e-flex e-con-boxed e-con e-parent\" data-id=\"ffb53d5\" data-element_type=\"container\" data-e-type=\"container\" data-settings=\"{&quot;background_background&quot;:&quot;classic&quot;}\">\n\t\t\t\t\t<div class=\"e-con-inner\">\n\t\t[elementor-element k=\"5ac3cadabc727cb98ae0a8084ec0ba15\" data=\"eyJpZCI6ImQ4ODdkYjUiLCJlbFR5cGUiOiJ3aWRnZXQiLCJzZXR0aW5ncyI6eyJlZGl0b3IiOiI8ZGl2IHN0eWxlPVwicG9zaXRpb246IHJlbGF0aXZlOyB3aWR0aDogMTAwJTsgaGVpZ2h0OiAwOyBwYWRkaW5nLXRvcDogNTYuMjUwMCU7IHBhZGRpbmctYm90dG9tOiAwOyBib3gtc2hhZG93OiAwIDJweCA4cHggMCByZ2JhKDYzLDY5LDgxLDAuMTYpOyBtYXJnaW4tdG9wOiAxLjZlbTsgbWFyZ2luLWJvdHRvbTogMC45ZW07IG92ZXJmbG93OiBoaWRkZW47IGJvcmRlci1yYWRpdXM6IDhweDsgd2lsbC1jaGFuZ2U6IHRyYW5zZm9ybTtcIj5cbjxwIHN0eWxlPVwiZGlzcGxheTogaW5saW5lICFpbXBvcnRhbnQ7XCI+PGlmcmFtZSBzdHlsZT1cInBvc2l0aW9uOiBhYnNvbHV0ZTsgd2lkdGg6IDEwMCU7IGhlaWdodDogMTAwJTsgdG9wOiAwOyBsZWZ0OiAwOyBib3JkZXI6IG5vbmU7IHBhZGRpbmc6IDA7IG1hcmdpbjogMDtcIiBzcmM9XCJodHRwczpcL1wvd3d3LmNhbnZhLmNvbVwvZGVzaWduXC9EQUdTbzhodjhWb1wvZHN2V0dPRnVldC1sOWVuam4taUxjUVwvdmlldz9lbWJlZFwiIGFsbG93ZnVsbHNjcmVlbj1cImFsbG93ZnVsbHNjcmVlblwiPiZuYnNwO1xuXG48XC9pZnJhbWU+In0sImVsZW1lbnRzIjpbXSwid2lkZ2V0VHlwZSI6InRleHQtZWRpdG9yIn0=\"]\t\t\t<\/div>\n\t\t\t\t<\/div>\n\t\t\t\t<\/div>","protected":false},"excerpt":{"rendered":"<p>Building Hope The Vision We are developing a purpose-built 54,000-square-foot facility that will equip us to deliver 26,000 free, healthy meals to preschool-aged children by 2031. Thanks to your incredible support, we have outgrown our current rental space! With over 100,000 preschool-aged children in Harris County living unsure of their next meal, expansion is crucial [&hellip;]<\/p>","protected":false},"author":8,"featured_media":0,"parent":0,"menu_order":1,"comment_status":"closed","ping_status":"closed","template":"elementor_header_footer","meta":{"_acf_changed":false,"footnotes":"","_links_to":"","_links_to_target":""},"class_list":["post-5110","page","type-page","status-publish","hentry"],"acf":[],"yoast_head":"<!-- This site is optimized with the Yoast SEO plugin v26.9 - https:\/\/yoast.com\/product\/yoast-seo-wordpress\/ -->\n<title>Building Hope - Kids&#039; Meals Inc.<\/title>\n<meta name=\"robots\" content=\"index, follow, max-snippet:-1, max-image-preview:large, max-video-preview:-1\" \/>\n<link rel=\"canonical\" href=\"https:\/\/kidsmealsinc.org\/es\/campaign\/\" \/>\n<meta property=\"og:locale\" content=\"es_MX\" \/>\n<meta property=\"og:type\" content=\"article\" \/>\n<meta property=\"og:title\" content=\"Building Hope - Kids&#039; Meals Inc.\" \/>\n<meta property=\"og:description\" content=\"Building Hope The Vision We are developing a purpose-built 54,000-square-foot facility that will equip us to deliver 26,000 free, healthy meals to preschool-aged children by 2031. Thanks to your incredible support, we have outgrown our current rental space! With over 100,000 preschool-aged children in Harris County living unsure of their next meal, expansion is crucial [&hellip;]\" \/>\n<meta property=\"og:url\" content=\"https:\/\/kidsmealsinc.org\/es\/campaign\/\" \/>\n<meta property=\"og:site_name\" content=\"Kids&#039; Meals Inc.\" \/>\n<meta property=\"article:modified_time\" content=\"2025-05-21T20:38:25+00:00\" \/>\n<meta property=\"og:image\" content=\"https:\/\/kidsmealsinc.org\/wp-content\/uploads\/Building-Renderings.png\" \/>\n\t<meta property=\"og:image:width\" content=\"1280\" \/>\n\t<meta property=\"og:image:height\" content=\"640\" \/>\n\t<meta property=\"og:image:type\" content=\"image\/png\" \/>\n<meta name=\"twitter:card\" content=\"summary_large_image\" \/>\n<meta name=\"twitter:label1\" content=\"Est. reading time\" \/>\n\t<meta name=\"twitter:data1\" content=\"2 minutos\" \/>\n<script type=\"application\/ld+json\" class=\"yoast-schema-graph\">{\"@context\":\"https:\/\/schema.org\",\"@graph\":[{\"@type\":\"WebPage\",\"@id\":\"https:\/\/kidsmealsinc.org\/campaign\/\",\"url\":\"https:\/\/kidsmealsinc.org\/campaign\/\",\"name\":\"Building Hope - Kids&#039; Meals Inc.\",\"isPartOf\":{\"@id\":\"https:\/\/kidsmealsinc.org\/#website\"},\"primaryImageOfPage\":{\"@id\":\"https:\/\/kidsmealsinc.org\/campaign\/#primaryimage\"},\"image\":{\"@id\":\"https:\/\/kidsmealsinc.org\/campaign\/#primaryimage\"},\"thumbnailUrl\":\"https:\/\/kidsmealsinc.org\/wp-content\/uploads\/Building-Renderings.png\",\"datePublished\":\"2021-05-27T00:07:46+00:00\",\"dateModified\":\"2025-05-21T20:38:25+00:00\",\"breadcrumb\":{\"@id\":\"https:\/\/kidsmealsinc.org\/campaign\/#breadcrumb\"},\"inLanguage\":\"es\",\"potentialAction\":[{\"@type\":\"ReadAction\",\"target\":[\"https:\/\/kidsmealsinc.org\/campaign\/\"]}]},{\"@type\":\"ImageObject\",\"inLanguage\":\"es\",\"@id\":\"https:\/\/kidsmealsinc.org\/campaign\/#primaryimage\",\"url\":\"https:\/\/kidsmealsinc.org\/wp-content\/uploads\/Building-Renderings.png\",\"contentUrl\":\"https:\/\/kidsmealsinc.org\/wp-content\/uploads\/Building-Renderings.png\"},{\"@type\":\"BreadcrumbList\",\"@id\":\"https:\/\/kidsmealsinc.org\/campaign\/#breadcrumb\",\"itemListElement\":[{\"@type\":\"ListItem\",\"position\":1,\"name\":\"Home\",\"item\":\"https:\/\/kidsmealsinc.org\/\"},{\"@type\":\"ListItem\",\"position\":2,\"name\":\"Building Hope\"}]},{\"@type\":\"WebSite\",\"@id\":\"https:\/\/kidsmealsinc.org\/#website\",\"url\":\"https:\/\/kidsmealsinc.org\/\",\"name\":\"Kids&#039; Meals Inc.\",\"description\":\"Delivering healthy meals to preschool-aged children\",\"publisher\":{\"@id\":\"https:\/\/kidsmealsinc.org\/#organization\"},\"potentialAction\":[{\"@type\":\"SearchAction\",\"target\":{\"@type\":\"EntryPoint\",\"urlTemplate\":\"https:\/\/kidsmealsinc.org\/?s={search_term_string}\"},\"query-input\":{\"@type\":\"PropertyValueSpecification\",\"valueRequired\":true,\"valueName\":\"search_term_string\"}}],\"inLanguage\":\"es\"},{\"@type\":\"Organization\",\"@id\":\"https:\/\/kidsmealsinc.org\/#organization\",\"name\":\"Kids&#039; Meals Inc.\",\"url\":\"https:\/\/kidsmealsinc.org\/\",\"logo\":{\"@type\":\"ImageObject\",\"inLanguage\":\"es\",\"@id\":\"https:\/\/kidsmealsinc.org\/#\/schema\/logo\/image\/\",\"url\":\"https:\/\/kidsmealsinc.org\/wp-content\/uploads\/Kids-Meals_h-Logo_Color-e1743012270845.png\",\"contentUrl\":\"https:\/\/kidsmealsinc.org\/wp-content\/uploads\/Kids-Meals_h-Logo_Color-e1743012270845.png\",\"width\":1107,\"height\":177,\"caption\":\"Kids&#039; Meals Inc.\"},\"image\":{\"@id\":\"https:\/\/kidsmealsinc.org\/#\/schema\/logo\/image\/\"}}]}<\/script>\n<!-- \/ Yoast SEO plugin. -->","yoast_head_json":{"title":"Building Hope - Kids&#039; Meals Inc.","robots":{"index":"index","follow":"follow","max-snippet":"max-snippet:-1","max-image-preview":"max-image-preview:large","max-video-preview":"max-video-preview:-1"},"canonical":"https:\/\/kidsmealsinc.org\/es\/campaign\/","og_locale":"es_MX","og_type":"article","og_title":"Building Hope - Kids&#039; Meals Inc.","og_description":"Building Hope The Vision We are developing a purpose-built 54,000-square-foot facility that will equip us to deliver 26,000 free, healthy meals to preschool-aged children by 2031. Thanks to your incredible support, we have outgrown our current rental space! With over 100,000 preschool-aged children in Harris County living unsure of their next meal, expansion is crucial [&hellip;]","og_url":"https:\/\/kidsmealsinc.org\/es\/campaign\/","og_site_name":"Kids&#039; Meals Inc.","article_modified_time":"2025-05-21T20:38:25+00:00","og_image":[{"width":1280,"height":640,"url":"https:\/\/kidsmealsinc.org\/wp-content\/uploads\/Building-Renderings.png","type":"image\/png"}],"twitter_card":"summary_large_image","twitter_misc":{"Est. reading time":"2 minutos"},"schema":{"@context":"https:\/\/schema.org","@graph":[{"@type":"WebPage","@id":"https:\/\/kidsmealsinc.org\/campaign\/","url":"https:\/\/kidsmealsinc.org\/campaign\/","name":"Building Hope - Kids&#039; Meals Inc.","isPartOf":{"@id":"https:\/\/kidsmealsinc.org\/#website"},"primaryImageOfPage":{"@id":"https:\/\/kidsmealsinc.org\/campaign\/#primaryimage"},"image":{"@id":"https:\/\/kidsmealsinc.org\/campaign\/#primaryimage"},"thumbnailUrl":"https:\/\/kidsmealsinc.org\/wp-content\/uploads\/Building-Renderings.png","datePublished":"2021-05-27T00:07:46+00:00","dateModified":"2025-05-21T20:38:25+00:00","breadcrumb":{"@id":"https:\/\/kidsmealsinc.org\/campaign\/#breadcrumb"},"inLanguage":"es","potentialAction":[{"@type":"ReadAction","target":["https:\/\/kidsmealsinc.org\/campaign\/"]}]},{"@type":"ImageObject","inLanguage":"es","@id":"https:\/\/kidsmealsinc.org\/campaign\/#primaryimage","url":"https:\/\/kidsmealsinc.org\/wp-content\/uploads\/Building-Renderings.png","contentUrl":"https:\/\/kidsmealsinc.org\/wp-content\/uploads\/Building-Renderings.png"},{"@type":"BreadcrumbList","@id":"https:\/\/kidsmealsinc.org\/campaign\/#breadcrumb","itemListElement":[{"@type":"ListItem","position":1,"name":"Home","item":"https:\/\/kidsmealsinc.org\/"},{"@type":"ListItem","position":2,"name":"Building Hope"}]},{"@type":"WebSite","@id":"https:\/\/kidsmealsinc.org\/#website","url":"https:\/\/kidsmealsinc.org\/","name":"Kids' Meals Inc.","description":"Comida sana para ni\u00f1os en edad preescolar","publisher":{"@id":"https:\/\/kidsmealsinc.org\/#organization"},"potentialAction":[{"@type":"SearchAction","target":{"@type":"EntryPoint","urlTemplate":"https:\/\/kidsmealsinc.org\/?s={search_term_string}"},"query-input":{"@type":"PropertyValueSpecification","valueRequired":true,"valueName":"search_term_string"}}],"inLanguage":"es"},{"@type":"Organization","@id":"https:\/\/kidsmealsinc.org\/#organization","name":"Kids' Meals Inc.","url":"https:\/\/kidsmealsinc.org\/","logo":{"@type":"ImageObject","inLanguage":"es","@id":"https:\/\/kidsmealsinc.org\/#\/schema\/logo\/image\/","url":"https:\/\/kidsmealsinc.org\/wp-content\/uploads\/Kids-Meals_h-Logo_Color-e1743012270845.png","contentUrl":"https:\/\/kidsmealsinc.org\/wp-content\/uploads\/Kids-Meals_h-Logo_Color-e1743012270845.png","width":1107,"height":177,"caption":"Kids&#039; Meals Inc."},"image":{"@id":"https:\/\/kidsmealsinc.org\/#\/schema\/logo\/image\/"}}]}},"_links":{"self":[{"href":"https:\/\/kidsmealsinc.org\/es\/wp-json\/wp\/v2\/pages\/5110","targetHints":{"allow":["GET"]}}],"collection":[{"href":"https:\/\/kidsmealsinc.org\/es\/wp-json\/wp\/v2\/pages"}],"about":[{"href":"https:\/\/kidsmealsinc.org\/es\/wp-json\/wp\/v2\/types\/page"}],"author":[{"embeddable":true,"href":"https:\/\/kidsmealsinc.org\/es\/wp-json\/wp\/v2\/users\/8"}],"replies":[{"embeddable":true,"href":"https:\/\/kidsmealsinc.org\/es\/wp-json\/wp\/v2\/comments?post=5110"}],"version-history":[{"count":0,"href":"https:\/\/kidsmealsinc.org\/es\/wp-json\/wp\/v2\/pages\/5110\/revisions"}],"wp:attachment":[{"href":"https:\/\/kidsmealsinc.org\/es\/wp-json\/wp\/v2\/media?parent=5110"}],"curies":[{"name":"wp","href":"https:\/\/api.w.org\/{rel}","templated":true}]}}