{"id":16322,"date":"2025-05-22T08:43:10","date_gmt":"2025-05-22T14:43:10","guid":{"rendered":"https:\/\/kidsmealsinc.org\/?page_id=16322"},"modified":"2026-02-04T12:42:33","modified_gmt":"2026-02-04T18:42:33","slug":"bag-decorating","status":"publish","type":"page","link":"https:\/\/kidsmealsinc.org\/es\/take-action\/volunteer\/bag-decorating\/","title":{"rendered":"Decoraci\u00f3n de bolsas"},"content":{"rendered":"<div data-elementor-type=\"wp-page\" data-elementor-id=\"16322\" class=\"elementor elementor-16322\" data-elementor-post-type=\"page\">\n\t\t\t\t<div class=\"elementor-element elementor-element-db8db50 pad e-con-full e-flex e-con e-child\" data-id=\"db8db50\" data-element_type=\"container\" data-e-type=\"container\" data-settings=\"{&quot;background_background&quot;:&quot;classic&quot;}\">\n\t\t\t\t<div class=\"elementor-element elementor-element-f46c857 elementor-widget elementor-widget-heading\" data-id=\"f46c857\" data-element_type=\"widget\" data-e-type=\"widget\" data-widget_type=\"heading.default\">\n\t\t\t\t<div class=\"elementor-widget-container\">\n\t\t\t\t\t<h2 class=\"elementor-heading-title elementor-size-default\">\u00a1Ay\u00fadanos a repartir comidas y sonrisas!<\/h2>\t\t\t\t<\/div>\n\t\t\t\t<\/div>\n\t\t\t\t<\/div>\n\t\t<div class=\"elementor-element elementor-element-f346de3 e-con-full e-flex e-con e-parent\" data-id=\"f346de3\" data-element_type=\"container\" data-e-type=\"container\">\n\t\t\t\t<div class=\"elementor-element elementor-element-193a7a3 smooth elementor-widget elementor-widget-image-carousel\" data-id=\"193a7a3\" data-element_type=\"widget\" data-e-type=\"widget\" data-settings=\"{&quot;slides_to_show&quot;:&quot;4&quot;,&quot;navigation&quot;:&quot;none&quot;,&quot;autoplay_speed&quot;:1,&quot;speed&quot;:8000,&quot;autoplay&quot;:&quot;yes&quot;,&quot;infinite&quot;:&quot;yes&quot;,&quot;image_spacing_custom&quot;:{&quot;unit&quot;:&quot;px&quot;,&quot;size&quot;:20,&quot;sizes&quot;:[]},&quot;image_spacing_custom_tablet&quot;:{&quot;unit&quot;:&quot;px&quot;,&quot;size&quot;:&quot;&quot;,&quot;sizes&quot;:[]},&quot;image_spacing_custom_mobile&quot;:{&quot;unit&quot;:&quot;px&quot;,&quot;size&quot;:&quot;&quot;,&quot;sizes&quot;:[]}}\" data-widget_type=\"image-carousel.default\">\n\t\t\t\t<div class=\"elementor-widget-container\">\n\t\t\t\t\t\t\t<div class=\"elementor-image-carousel-wrapper swiper\" role=\"region\" aria-roledescription=\"carousel\" aria-label=\"Carrusel de im\u00e1genes\" dir=\"ltr\">\n\t\t\t<div class=\"elementor-image-carousel swiper-wrapper\" aria-live=\"off\">\n\t\t\t\t\t\t\t\t<div class=\"swiper-slide\" role=\"group\" aria-roledescription=\"slide\" aria-label=\"1 de 5\"><figure class=\"swiper-slide-inner\"><img decoding=\"async\" class=\"swiper-slide-image\" src=\"https:\/\/kidsmealsinc.org\/wp-content\/uploads\/IMG_1827-1-scaled.jpg\" alt=\"Brown Bag Art\" \/><\/figure><\/div><div class=\"swiper-slide\" role=\"group\" aria-roledescription=\"slide\" aria-label=\"2 de 5\"><figure class=\"swiper-slide-inner\"><img decoding=\"async\" class=\"swiper-slide-image\" src=\"https:\/\/kidsmealsinc.org\/wp-content\/uploads\/IMG_1811.jpg\" alt=\"Cute Brown Bag Puppets pt. 2\" \/><\/figure><\/div><div class=\"swiper-slide\" role=\"group\" aria-roledescription=\"slide\" aria-label=\"3 de 5\"><figure class=\"swiper-slide-inner\"><img decoding=\"async\" class=\"swiper-slide-image\" src=\"https:\/\/kidsmealsinc.org\/wp-content\/uploads\/decorate-lunch-bags.jpg\" alt=\"A collection of brightly decorated brown lunch bags, each showcasing a unique design. Some bags feature colorful drawings of Pandas or Space while others are adorned with vibrant words. When volunteers decorate brown bags, Kids&#039; Meals fills them with nutritious meals for the children on the program.\" \/><\/figure><\/div><div class=\"swiper-slide\" role=\"group\" aria-roledescription=\"slide\" aria-label=\"4 de 5\"><figure class=\"swiper-slide-inner\"><img decoding=\"async\" class=\"swiper-slide-image\" src=\"https:\/\/kidsmealsinc.org\/wp-content\/uploads\/IMG_0070-scaled.jpg\" alt=\"Brown Bag Art\" \/><\/figure><\/div><div class=\"swiper-slide\" role=\"group\" aria-roledescription=\"slide\" aria-label=\"5 de 5\"><figure class=\"swiper-slide-inner\"><img decoding=\"async\" class=\"swiper-slide-image\" src=\"https:\/\/kidsmealsinc.org\/wp-content\/uploads\/JalenPitreSmoresBag-scaled.jpg\" alt=\"JalenPitreSmoresBag\" \/><\/figure><\/div>\t\t\t<\/div>\n\t\t\t\t\t\t\t\n\t\t\t\t\t\t\t\t\t<\/div>\n\t\t\t\t\t\t<\/div>\n\t\t\t\t<\/div>\n\t\t\t\t<\/div>\n\t\t<div class=\"elementor-element elementor-element-558e936 pad e-flex e-con-boxed e-con e-parent\" data-id=\"558e936\" data-element_type=\"container\" data-e-type=\"container\">\n\t\t\t\t\t<div class=\"e-con-inner\">\n\t\t\t\t<div class=\"elementor-element elementor-element-4b1efc9 elementor-widget__width-initial elementor-widget elementor-widget-text-editor\" data-id=\"4b1efc9\" data-element_type=\"widget\" data-e-type=\"widget\" data-widget_type=\"text-editor.default\">\n\t\t\t\t<div class=\"elementor-widget-container\">\n\t\t\t\t\t\t\t\t\t<p>For the first time in Kids\u2019 Meals history, we are on pace to deliver over 4.2 million meals which means we need over 4.2 million lunch bags! <strong>T\u00da puedes ayudar a que sean especiales.<\/strong><\/p><p>S\u00f3lo tienes que comprar un paquete de bolsas de almuerzo marrones est\u00e1ndar de 6 libras y dar rienda suelta al artista que llevas dentro. Dec\u00f3ralas con rotuladores, l\u00e1pices de colores, sellos, pegatinas, adivinanzas, chistes de toc-toc, laberintos o mensajes de \u00e1nimo. <strong>\u00a1NADA de purpurina, por favor!<\/strong><\/p><p>Esta es una gran oportunidad de voluntariado para TODAS las edades y TODOS los niveles art\u00edsticos. Por cada 30 bolsas decoradas que dones, \u00a1recibir\u00e1s 1 hora de voluntariado! Estas bolsas decoradas se llenar\u00e1n de comida y se entregar\u00e1n a ni\u00f1os hambrientos de todo Houston.<\/p><p>You can drop your decorated bags off at our offices Monday \u2013 Friday between 9am \u2013 2pm, or mail them to us. Our address is 8790 Hammerly Blvd., Houston, TX 77080.<\/p><p><strong>Acu\u00e9rdate:<\/strong><br \/>\u00a1Sin purpurina ni grapas!<br \/>Por favor, no selle la bolsa de ninguna manera.<\/p>\t\t\t\t\t\t\t\t<\/div>\n\t\t\t\t<\/div>\n\t\t\t\t<div class=\"elementor-element elementor-element-5806f37 elementor-widget__width-initial elementor-widget elementor-widget-text-editor\" data-id=\"5806f37\" data-element_type=\"widget\" data-e-type=\"widget\" data-widget_type=\"text-editor.default\">\n\t\t\t\t<div class=\"elementor-widget-container\">\n\t\t\t\t\t\t\t\t\t<h3>PASOS DE DECORACI\u00d3N DE BOLSAS:<\/h3><p><strong>1<\/strong> Gather Standard 6 lb. Brown Lunch Bags<\/p><p><strong>2<\/strong> Decora con arte, colores, adivinanzas, chistes, \u00a1y mucho m\u00e1s!<\/p><p><strong>3<\/strong> Entregue sus bolsas de lunes a viernes de 9.00 a 14.00 o env\u00edenoslas por correo.<\/p><p><a href=\"https:\/\/kidsmealsinc.org\/wp-content\/uploads\/2026-Closure-Dates.pdf\">Click here to see our Holiday Closures<\/a><\/p>\t\t\t\t\t\t\t\t<\/div>\n\t\t\t\t<\/div>\n\t\t\t\t<div class=\"elementor-element elementor-element-2c1dba0 elementor-widget__width-inherit elementor-mobile-align-center elementor-widget elementor-widget-button\" data-id=\"2c1dba0\" data-element_type=\"widget\" data-e-type=\"widget\" data-widget_type=\"button.default\">\n\t\t\t\t<div class=\"elementor-widget-container\">\n\t\t\t\t\t\t\t\t\t<div class=\"elementor-button-wrapper\">\n\t\t\t\t\t<a class=\"elementor-button elementor-button-link elementor-size-sm\" href=\"https:\/\/kidsmealsinc.org\/wp-content\/uploads\/Bag-Decorating-3.pdf\" target=\"_blank\" download=\"\">\n\t\t\t\t\t\t<span class=\"elementor-button-content-wrapper\">\n\t\t\t\t\t\t\t\t\t<span class=\"elementor-button-text\">Descargar folleto informativo<\/span>\n\t\t\t\t\t<\/span>\n\t\t\t\t\t<\/a>\n\t\t\t\t<\/div>\n\t\t\t\t\t\t\t\t<\/div>\n\t\t\t\t<\/div>\n\t\t\t\t\t<\/div>\n\t\t\t\t<\/div>\n\t\t<div class=\"elementor-element elementor-element-d9e0135 e-flex e-con-boxed e-con e-parent\" data-id=\"d9e0135\" data-element_type=\"container\" data-e-type=\"container\">\n\t\t\t\t\t<div class=\"e-con-inner\">\n\t\t\t\t<div class=\"elementor-element elementor-element-5c0970c elementor-widget elementor-widget-heading\" data-id=\"5c0970c\" data-element_type=\"widget\" data-e-type=\"widget\" data-widget_type=\"heading.default\">\n\t\t\t\t<div class=\"elementor-widget-container\">\n\t\t\t\t\t<h2 class=\"elementor-heading-title elementor-size-default\">The Impact of Your Decorated Bags<\/h2>\t\t\t\t<\/div>\n\t\t\t\t<\/div>\n\t\t\t\t<div class=\"elementor-element elementor-element-bafd221 elementor-widget elementor-widget-video\" data-id=\"bafd221\" data-element_type=\"widget\" data-e-type=\"widget\" data-settings=\"{&quot;youtube_url&quot;:&quot;https:\\\/\\\/www.youtube.com\\\/watch?v=3S1OXBoVZJg&quot;,&quot;video_type&quot;:&quot;youtube&quot;,&quot;controls&quot;:&quot;yes&quot;}\" data-widget_type=\"video.default\">\n\t\t\t\t<div class=\"elementor-widget-container\">\n\t\t\t\t\t\t\t<div class=\"elementor-wrapper elementor-open-inline\">\n\t\t\t<div class=\"elementor-video\"><\/div>\t\t<\/div>\n\t\t\t\t\t\t<\/div>\n\t\t\t\t<\/div>\n\t\t\t\t\t<\/div>\n\t\t\t\t<\/div>\n\t\t<div class=\"elementor-element elementor-element-02734cc e-con-full e-flex e-con e-parent\" data-id=\"02734cc\" data-element_type=\"container\" data-e-type=\"container\">\n\t\t\t\t<div class=\"elementor-element elementor-element-2434198 elementor-widget elementor-widget-template\" data-id=\"2434198\" data-element_type=\"widget\" data-e-type=\"widget\" data-widget_type=\"template.default\">\n\t\t\t\t<div class=\"elementor-widget-container\">\n\t\t\t\t\t\t\t<div class=\"elementor-template\">\n\t\t\t\t\t<div data-elementor-type=\"container\" data-elementor-id=\"16181\" class=\"elementor elementor-16181\" data-elementor-post-type=\"elementor_library\">\n\t\t\t\t<div class=\"elementor-element elementor-element-5e7626ce pad e-flex e-con-boxed e-con e-parent\" data-id=\"5e7626ce\" data-element_type=\"container\" data-e-type=\"container\" data-settings=\"{&quot;background_background&quot;:&quot;classic&quot;}\">\n\t\t\t\t\t<div class=\"e-con-inner\">\n\t\t\t\t<div class=\"elementor-element elementor-element-394fd95b elementor-widget__width-inherit elementor-widget elementor-widget-text-editor\" data-id=\"394fd95b\" data-element_type=\"widget\" data-e-type=\"widget\" data-widget_type=\"text-editor.default\">\n\t\t\t\t<div class=\"elementor-widget-container\">\n\t\t\t\t\t\t\t\t\t<h2 style=\"text-align: center;\">Voluntariado en Kids' Meals<\/h2>\t\t\t\t\t\t\t\t<\/div>\n\t\t\t\t<\/div>\n\t\t\t\t<div class=\"elementor-element elementor-element-1d1841fb elementor-widget__width-initial elementor-widget elementor-widget-google_maps\" data-id=\"1d1841fb\" data-element_type=\"widget\" data-e-type=\"widget\" data-widget_type=\"google_maps.default\">\n\t\t\t\t<div class=\"elementor-widget-container\">\n\t\t\t\t\t\t\t<div class=\"elementor-custom-embed\">\n\t\t\t<iframe loading=\"lazy\"\n\t\t\t\t\tsrc=\"https:\/\/maps.google.com\/maps?q=8790%20Hammerly%20Blvd.%2C%20Houston%2C%20TX%2077080&#038;t=m&#038;z=13&#038;output=embed&#038;iwloc=near\"\n\t\t\t\t\ttitle=\"8790 Hammerly Blvd., Houston, TX 77080\"\n\t\t\t\t\taria-label=\"8790 Hammerly Blvd., Houston, TX 77080\"\n\t\t\t><\/iframe>\n\t\t<\/div>\n\t\t\t\t\t\t<\/div>\n\t\t\t\t<\/div>\n\t\t<div class=\"elementor-element elementor-element-6036bd99 e-con-full e-flex e-con e-child\" data-id=\"6036bd99\" data-element_type=\"container\" data-e-type=\"container\">\n\t\t\t\t<div class=\"elementor-element elementor-element-71d592e2 elementor-widget elementor-widget-text-editor\" data-id=\"71d592e2\" data-element_type=\"widget\" data-e-type=\"widget\" data-widget_type=\"text-editor.default\">\n\t\t\t\t<div class=\"elementor-widget-container\">\n\t\t\t\t\t\t\t\t\t<div class=\"elementor-element elementor-element-7100c63 elementor-widget elementor-widget-text-editor\" data-id=\"7100c63\" data-element_type=\"widget\" data-widget_type=\"text-editor.default\"><div class=\"elementor-widget-container\"><h4><b>PRINCIPAL: ExxonMobil CAMPUS<\/b><\/h4><div class=\"TypographyPresentation TypographyPresentation--medium RichText3-paragraph--withVSpacingNormal RichText3-paragraph HighlightSol HighlightSol--buildingBlock\"><p data-pm-slice=\"1 1 []\">8790 Hammerly Blvd.<br \/>Houston, TX 77080<br \/>Tel\u00e9fono 713-695-5437<br \/>Fax: 713-695-7544<\/p><\/div><h5>Horario de atenci\u00f3n al p\u00fablico<\/h5><\/div><\/div><div class=\"elementor-element elementor-element-f9ae956 e-con-full e-flex e-con e-child\" data-id=\"f9ae956\" data-element_type=\"container\"><div class=\"elementor-element elementor-element-85cbda3 elementor-widget elementor-widget-text-editor\" data-id=\"85cbda3\" data-element_type=\"widget\" data-widget_type=\"text-editor.default\"><div class=\"elementor-widget-container\"><p>De lunes a viernes, de 8.00 a 16.00 h.<\/p><\/div><\/div><\/div>\t\t\t\t\t\t\t\t<\/div>\n\t\t\t\t<\/div>\n\t\t\t\t<\/div>\n\t\t\t\t<div class=\"elementor-element elementor-element-54b51f2 elementor-widget-divider--view-line elementor-widget elementor-widget-divider\" data-id=\"54b51f2\" data-element_type=\"widget\" data-e-type=\"widget\" data-widget_type=\"divider.default\">\n\t\t\t\t<div class=\"elementor-widget-container\">\n\t\t\t\t\t\t\t<div class=\"elementor-divider\">\n\t\t\t<span class=\"elementor-divider-separator\">\n\t\t\t\t\t\t<\/span>\n\t\t<\/div>\n\t\t\t\t\t\t<\/div>\n\t\t\t\t<\/div>\n\t\t\t\t<div class=\"elementor-element elementor-element-1acd5255 elementor-widget__width-initial elementor-widget elementor-widget-google_maps\" data-id=\"1acd5255\" data-element_type=\"widget\" data-e-type=\"widget\" data-widget_type=\"google_maps.default\">\n\t\t\t\t<div class=\"elementor-widget-container\">\n\t\t\t\t\t\t\t<div class=\"elementor-custom-embed\">\n\t\t\t<iframe loading=\"lazy\"\n\t\t\t\t\tsrc=\"https:\/\/maps.google.com\/maps?q=5517%20FM%201488%20Suite%20E%2C%20Magnolia%20TX%2077354&#038;t=m&#038;z=13&#038;output=embed&#038;iwloc=near\"\n\t\t\t\t\ttitle=\"5517 FM 1488 Suite E, Magnolia TX 77354\"\n\t\t\t\t\taria-label=\"5517 FM 1488 Suite E, Magnolia TX 77354\"\n\t\t\t><\/iframe>\n\t\t<\/div>\n\t\t\t\t\t\t<\/div>\n\t\t\t\t<\/div>\n\t\t<div class=\"elementor-element elementor-element-7490ba61 e-con-full e-flex e-con e-child\" data-id=\"7490ba61\" data-element_type=\"container\" data-e-type=\"container\">\n\t\t\t\t<div class=\"elementor-element elementor-element-3fcf0c21 elementor-widget elementor-widget-text-editor\" data-id=\"3fcf0c21\" data-element_type=\"widget\" data-e-type=\"widget\" data-widget_type=\"text-editor.default\">\n\t\t\t\t<div class=\"elementor-widget-container\">\n\t\t\t\t\t\t\t\t\t<div class=\"elementor-element elementor-element-7100c63 elementor-widget elementor-widget-text-editor\" data-id=\"7100c63\" data-element_type=\"widget\" data-widget_type=\"text-editor.default\">\n<div class=\"elementor-widget-container\">\n<h4>Condado de Montgomery<\/h4>\n<p>5517 FM 1488 Suite E<br>Magnolia TX 77354<br>Tel\u00e9fono: 832-541-7282<\/p>\n<h5>Horario de atenci\u00f3n al p\u00fablico<\/h5>\n<\/div>\n<\/div>\n<div class=\"elementor-element elementor-element-f9ae956 e-con-full e-flex e-con e-child\" data-id=\"f9ae956\" data-element_type=\"container\">\n<div class=\"elementor-element elementor-element-85cbda3 elementor-widget elementor-widget-text-editor\" data-id=\"85cbda3\" data-element_type=\"widget\" data-widget_type=\"text-editor.default\">\n<div class=\"elementor-widget-container\">\n<p>De lunes a viernes, de 8.00 a 16.00 h.<\/p>\n<\/div>\n<\/div>\n<\/div>\t\t\t\t\t\t\t\t<\/div>\n\t\t\t\t<\/div>\n\t\t\t\t<\/div>\n\t\t\t\t\t<\/div>\n\t\t\t\t<\/div>\n\t\t\t\t<\/div>\n\t\t\t\t<\/div>\n\t\t\t\t\t\t<\/div>\n\t\t\t\t<\/div>\n\t\t\t\t<\/div>\n\t\t\t\t<\/div>","protected":false},"excerpt":{"rendered":"<p>Help us deliver meals and smiles! For the first time in Kids\u2019 Meals history, we are on pace to deliver over 4.2 million meals which means we need over 4.2 million lunch bags! YOU can help make them special. Simply buy a pack of standard, 6 lb. brown lunch bags and unleash your inner artist. [&hellip;]<\/p>","protected":false},"author":17,"featured_media":0,"parent":336,"menu_order":10,"comment_status":"closed","ping_status":"closed","template":"elementor_header_footer","meta":{"_acf_changed":false,"footnotes":"","_links_to":"","_links_to_target":""},"class_list":["post-16322","page","type-page","status-publish","hentry"],"acf":[],"yoast_head":"<!-- This site is optimized with the Yoast SEO plugin v26.9 - https:\/\/yoast.com\/product\/yoast-seo-wordpress\/ -->\n<title>Bag Decorating - Kids&#039; Meals Inc.<\/title>\n<meta name=\"robots\" content=\"index, follow, max-snippet:-1, max-image-preview:large, max-video-preview:-1\" \/>\n<link rel=\"canonical\" href=\"https:\/\/kidsmealsinc.org\/es\/take-action\/volunteer\/bag-decorating\/\" \/>\n<meta property=\"og:locale\" content=\"es_MX\" \/>\n<meta property=\"og:type\" content=\"article\" \/>\n<meta property=\"og:title\" content=\"Bag Decorating - Kids&#039; Meals Inc.\" \/>\n<meta property=\"og:description\" content=\"Help us deliver meals and smiles! For the first time in Kids\u2019 Meals history, we are on pace to deliver over 4.2 million meals which means we need over 4.2 million lunch bags! YOU can help make them special. Simply buy a pack of standard, 6 lb. brown lunch bags and unleash your inner artist. [&hellip;]\" \/>\n<meta property=\"og:url\" content=\"https:\/\/kidsmealsinc.org\/es\/take-action\/volunteer\/bag-decorating\/\" \/>\n<meta property=\"og:site_name\" content=\"Kids&#039; Meals Inc.\" \/>\n<meta property=\"article:modified_time\" content=\"2026-02-04T18:42:33+00:00\" \/>\n<meta property=\"og:image\" content=\"https:\/\/kidsmealsinc.org\/wp-content\/uploads\/IMG_1827-1-scaled.jpg\" \/>\n<meta name=\"twitter:card\" content=\"summary_large_image\" \/>\n<meta name=\"twitter:label1\" content=\"Est. reading time\" \/>\n\t<meta name=\"twitter:data1\" content=\"5 minutos\" \/>\n<script type=\"application\/ld+json\" class=\"yoast-schema-graph\">{\"@context\":\"https:\/\/schema.org\",\"@graph\":[{\"@type\":\"WebPage\",\"@id\":\"https:\/\/kidsmealsinc.org\/take-action\/volunteer\/bag-decorating\/\",\"url\":\"https:\/\/kidsmealsinc.org\/take-action\/volunteer\/bag-decorating\/\",\"name\":\"Bag Decorating - Kids&#039; Meals Inc.\",\"isPartOf\":{\"@id\":\"https:\/\/kidsmealsinc.org\/#website\"},\"primaryImageOfPage\":{\"@id\":\"https:\/\/kidsmealsinc.org\/take-action\/volunteer\/bag-decorating\/#primaryimage\"},\"image\":{\"@id\":\"https:\/\/kidsmealsinc.org\/take-action\/volunteer\/bag-decorating\/#primaryimage\"},\"thumbnailUrl\":\"https:\/\/kidsmealsinc.org\/wp-content\/uploads\/IMG_1827-1-scaled.jpg\",\"datePublished\":\"2025-05-22T14:43:10+00:00\",\"dateModified\":\"2026-02-04T18:42:33+00:00\",\"breadcrumb\":{\"@id\":\"https:\/\/kidsmealsinc.org\/take-action\/volunteer\/bag-decorating\/#breadcrumb\"},\"inLanguage\":\"es\",\"potentialAction\":[{\"@type\":\"ReadAction\",\"target\":[\"https:\/\/kidsmealsinc.org\/take-action\/volunteer\/bag-decorating\/\"]}]},{\"@type\":\"ImageObject\",\"inLanguage\":\"es\",\"@id\":\"https:\/\/kidsmealsinc.org\/take-action\/volunteer\/bag-decorating\/#primaryimage\",\"url\":\"https:\/\/kidsmealsinc.org\/wp-content\/uploads\/IMG_1827-1-scaled.jpg\",\"contentUrl\":\"https:\/\/kidsmealsinc.org\/wp-content\/uploads\/IMG_1827-1-scaled.jpg\"},{\"@type\":\"BreadcrumbList\",\"@id\":\"https:\/\/kidsmealsinc.org\/take-action\/volunteer\/bag-decorating\/#breadcrumb\",\"itemListElement\":[{\"@type\":\"ListItem\",\"position\":1,\"name\":\"Home\",\"item\":\"https:\/\/kidsmealsinc.org\/\"},{\"@type\":\"ListItem\",\"position\":2,\"name\":\"Take Action\",\"item\":\"https:\/\/kidsmealsinc.org\/take-action\/\"},{\"@type\":\"ListItem\",\"position\":3,\"name\":\"Volunteer\",\"item\":\"https:\/\/kidsmealsinc.org\/take-action\/volunteer\/\"},{\"@type\":\"ListItem\",\"position\":4,\"name\":\"Bag Decorating\"}]},{\"@type\":\"WebSite\",\"@id\":\"https:\/\/kidsmealsinc.org\/#website\",\"url\":\"https:\/\/kidsmealsinc.org\/\",\"name\":\"Kids&#039; Meals Inc.\",\"description\":\"Delivering healthy meals to preschool-aged children\",\"publisher\":{\"@id\":\"https:\/\/kidsmealsinc.org\/#organization\"},\"potentialAction\":[{\"@type\":\"SearchAction\",\"target\":{\"@type\":\"EntryPoint\",\"urlTemplate\":\"https:\/\/kidsmealsinc.org\/?s={search_term_string}\"},\"query-input\":{\"@type\":\"PropertyValueSpecification\",\"valueRequired\":true,\"valueName\":\"search_term_string\"}}],\"inLanguage\":\"es\"},{\"@type\":\"Organization\",\"@id\":\"https:\/\/kidsmealsinc.org\/#organization\",\"name\":\"Kids&#039; Meals Inc.\",\"url\":\"https:\/\/kidsmealsinc.org\/\",\"logo\":{\"@type\":\"ImageObject\",\"inLanguage\":\"es\",\"@id\":\"https:\/\/kidsmealsinc.org\/#\/schema\/logo\/image\/\",\"url\":\"https:\/\/kidsmealsinc.org\/wp-content\/uploads\/Kids-Meals_h-Logo_Color-e1743012270845.png\",\"contentUrl\":\"https:\/\/kidsmealsinc.org\/wp-content\/uploads\/Kids-Meals_h-Logo_Color-e1743012270845.png\",\"width\":1107,\"height\":177,\"caption\":\"Kids&#039; Meals Inc.\"},\"image\":{\"@id\":\"https:\/\/kidsmealsinc.org\/#\/schema\/logo\/image\/\"}}]}<\/script>\n<!-- \/ Yoast SEO plugin. -->","yoast_head_json":{"title":"Bag Decorating - Kids&#039; Meals Inc.","robots":{"index":"index","follow":"follow","max-snippet":"max-snippet:-1","max-image-preview":"max-image-preview:large","max-video-preview":"max-video-preview:-1"},"canonical":"https:\/\/kidsmealsinc.org\/es\/take-action\/volunteer\/bag-decorating\/","og_locale":"es_MX","og_type":"article","og_title":"Bag Decorating - Kids&#039; Meals Inc.","og_description":"Help us deliver meals and smiles! For the first time in Kids\u2019 Meals history, we are on pace to deliver over 4.2 million meals which means we need over 4.2 million lunch bags! YOU can help make them special. Simply buy a pack of standard, 6 lb. brown lunch bags and unleash your inner artist. [&hellip;]","og_url":"https:\/\/kidsmealsinc.org\/es\/take-action\/volunteer\/bag-decorating\/","og_site_name":"Kids&#039; Meals Inc.","article_modified_time":"2026-02-04T18:42:33+00:00","og_image":[{"url":"https:\/\/kidsmealsinc.org\/wp-content\/uploads\/IMG_1827-1-scaled.jpg","type":"","width":"","height":""}],"twitter_card":"summary_large_image","twitter_misc":{"Est. reading time":"5 minutos"},"schema":{"@context":"https:\/\/schema.org","@graph":[{"@type":"WebPage","@id":"https:\/\/kidsmealsinc.org\/take-action\/volunteer\/bag-decorating\/","url":"https:\/\/kidsmealsinc.org\/take-action\/volunteer\/bag-decorating\/","name":"Bag Decorating - Kids&#039; Meals Inc.","isPartOf":{"@id":"https:\/\/kidsmealsinc.org\/#website"},"primaryImageOfPage":{"@id":"https:\/\/kidsmealsinc.org\/take-action\/volunteer\/bag-decorating\/#primaryimage"},"image":{"@id":"https:\/\/kidsmealsinc.org\/take-action\/volunteer\/bag-decorating\/#primaryimage"},"thumbnailUrl":"https:\/\/kidsmealsinc.org\/wp-content\/uploads\/IMG_1827-1-scaled.jpg","datePublished":"2025-05-22T14:43:10+00:00","dateModified":"2026-02-04T18:42:33+00:00","breadcrumb":{"@id":"https:\/\/kidsmealsinc.org\/take-action\/volunteer\/bag-decorating\/#breadcrumb"},"inLanguage":"es","potentialAction":[{"@type":"ReadAction","target":["https:\/\/kidsmealsinc.org\/take-action\/volunteer\/bag-decorating\/"]}]},{"@type":"ImageObject","inLanguage":"es","@id":"https:\/\/kidsmealsinc.org\/take-action\/volunteer\/bag-decorating\/#primaryimage","url":"https:\/\/kidsmealsinc.org\/wp-content\/uploads\/IMG_1827-1-scaled.jpg","contentUrl":"https:\/\/kidsmealsinc.org\/wp-content\/uploads\/IMG_1827-1-scaled.jpg"},{"@type":"BreadcrumbList","@id":"https:\/\/kidsmealsinc.org\/take-action\/volunteer\/bag-decorating\/#breadcrumb","itemListElement":[{"@type":"ListItem","position":1,"name":"Home","item":"https:\/\/kidsmealsinc.org\/"},{"@type":"ListItem","position":2,"name":"Take Action","item":"https:\/\/kidsmealsinc.org\/take-action\/"},{"@type":"ListItem","position":3,"name":"Volunteer","item":"https:\/\/kidsmealsinc.org\/take-action\/volunteer\/"},{"@type":"ListItem","position":4,"name":"Bag Decorating"}]},{"@type":"WebSite","@id":"https:\/\/kidsmealsinc.org\/#website","url":"https:\/\/kidsmealsinc.org\/","name":"Kids' Meals Inc.","description":"Comida sana para ni\u00f1os en edad preescolar","publisher":{"@id":"https:\/\/kidsmealsinc.org\/#organization"},"potentialAction":[{"@type":"SearchAction","target":{"@type":"EntryPoint","urlTemplate":"https:\/\/kidsmealsinc.org\/?s={search_term_string}"},"query-input":{"@type":"PropertyValueSpecification","valueRequired":true,"valueName":"search_term_string"}}],"inLanguage":"es"},{"@type":"Organization","@id":"https:\/\/kidsmealsinc.org\/#organization","name":"Kids' Meals Inc.","url":"https:\/\/kidsmealsinc.org\/","logo":{"@type":"ImageObject","inLanguage":"es","@id":"https:\/\/kidsmealsinc.org\/#\/schema\/logo\/image\/","url":"https:\/\/kidsmealsinc.org\/wp-content\/uploads\/Kids-Meals_h-Logo_Color-e1743012270845.png","contentUrl":"https:\/\/kidsmealsinc.org\/wp-content\/uploads\/Kids-Meals_h-Logo_Color-e1743012270845.png","width":1107,"height":177,"caption":"Kids&#039; Meals Inc."},"image":{"@id":"https:\/\/kidsmealsinc.org\/#\/schema\/logo\/image\/"}}]}},"_links":{"self":[{"href":"https:\/\/kidsmealsinc.org\/es\/wp-json\/wp\/v2\/pages\/16322","targetHints":{"allow":["GET"]}}],"collection":[{"href":"https:\/\/kidsmealsinc.org\/es\/wp-json\/wp\/v2\/pages"}],"about":[{"href":"https:\/\/kidsmealsinc.org\/es\/wp-json\/wp\/v2\/types\/page"}],"author":[{"embeddable":true,"href":"https:\/\/kidsmealsinc.org\/es\/wp-json\/wp\/v2\/users\/17"}],"replies":[{"embeddable":true,"href":"https:\/\/kidsmealsinc.org\/es\/wp-json\/wp\/v2\/comments?post=16322"}],"version-history":[{"count":0,"href":"https:\/\/kidsmealsinc.org\/es\/wp-json\/wp\/v2\/pages\/16322\/revisions"}],"up":[{"embeddable":true,"href":"https:\/\/kidsmealsinc.org\/es\/wp-json\/wp\/v2\/pages\/336"}],"wp:attachment":[{"href":"https:\/\/kidsmealsinc.org\/es\/wp-json\/wp\/v2\/media?parent=16322"}],"curies":[{"name":"wp","href":"https:\/\/api.w.org\/{rel}","templated":true}]}}