{"id":16238,"date":"2025-05-21T14:46:00","date_gmt":"2025-05-21T20:46:00","guid":{"rendered":"https:\/\/kidsmealsinc.org\/?page_id=16238"},"modified":"2025-09-25T11:24:41","modified_gmt":"2025-09-25T17:24:41","slug":"building-hope-campaign","status":"publish","type":"page","link":"https:\/\/kidsmealsinc.org\/es\/building-hope-campaign\/","title":{"rendered":"Campa\u00f1a \"Construir la esperanza"},"content":{"rendered":"<div data-elementor-type=\"wp-page\" data-elementor-id=\"16238\" class=\"elementor elementor-16238\" data-elementor-post-type=\"page\">\n\t\t\t\t<div class=\"elementor-element elementor-element-6f2e8d1 pad e-flex e-con-boxed e-con e-parent\" data-id=\"6f2e8d1\" data-element_type=\"container\" data-e-type=\"container\" data-settings=\"{&quot;background_background&quot;:&quot;classic&quot;}\">\n\t\t\t\t\t<div class=\"e-con-inner\">\n\t\t\t\t\t<\/div>\n\t\t\t\t<\/div>\n\t\t<div class=\"elementor-element elementor-element-2acbe94 pad e-flex e-con-boxed e-con e-parent\" data-id=\"2acbe94\" data-element_type=\"container\" data-e-type=\"container\">\n\t\t\t\t\t<div class=\"e-con-inner\">\n\t\t\t\t<div class=\"elementor-element elementor-element-91d11e6 elementor-widget__width-initial elementor-widget elementor-widget-text-editor\" data-id=\"91d11e6\" data-element_type=\"widget\" data-e-type=\"widget\" data-widget_type=\"text-editor.default\">\n\t\t\t\t<div class=\"elementor-widget-container\">\n\t\t\t\t\t\t\t\t\t<h2>La visi\u00f3n<\/h2><p>We are developing a purpose-built 54,000-square-foot facility that will equip us to deliver 26,000 free, healthy meals to preschool-aged children by 2031. Thanks to your incredible support, we have outgrown our current rental space! With over 100,000 preschool-aged children in Harris County living unsure of their next meal, expansion is crucial to meet the growing demand for our services.<\/p>\t\t\t\t\t\t\t\t<\/div>\n\t\t\t\t<\/div>\n\t\t<div class=\"elementor-element elementor-element-f4bcc18 e-con-full e-flex e-con e-child\" data-id=\"f4bcc18\" data-element_type=\"container\" data-e-type=\"container\">\n\t\t\t\t<div class=\"elementor-element elementor-element-ab53e5d elementor-widget elementor-widget-heading\" data-id=\"ab53e5d\" data-element_type=\"widget\" data-e-type=\"widget\" data-widget_type=\"heading.default\">\n\t\t\t\t<div class=\"elementor-widget-container\">\n\t\t\t\t\t<h2 class=\"elementor-heading-title elementor-size-default\">Goal 26,000<\/h2>\t\t\t\t<\/div>\n\t\t\t\t<\/div>\n\t\t\t\t<div class=\"elementor-element elementor-element-be0c2ee elementor-widget elementor-widget-heading\" data-id=\"be0c2ee\" data-element_type=\"widget\" data-e-type=\"widget\" data-widget_type=\"heading.default\">\n\t\t\t\t<div class=\"elementor-widget-container\">\n\t\t\t\t\t<p class=\"elementor-heading-title elementor-size-default\">ni\u00f1os en edad preescolar alimentados cada d\u00eda laborable para 2031<\/p>\t\t\t\t<\/div>\n\t\t\t\t<\/div>\n\t\t\t\t<\/div>\n\t\t\t\t<div class=\"elementor-element elementor-element-acbd94c elementor-widget elementor-widget-image\" data-id=\"acbd94c\" data-element_type=\"widget\" data-e-type=\"widget\" data-widget_type=\"image.default\">\n\t\t\t\t<div class=\"elementor-widget-container\">\n\t\t\t\t\t\t\t\t\t\t\t\t\t\t\t<img fetchpriority=\"high\" decoding=\"async\" width=\"1280\" height=\"640\" src=\"https:\/\/kidsmealsinc.org\/wp-content\/uploads\/Building-Renderings.png\" class=\"attachment-full size-full wp-image-13166\" alt=\"\" srcset=\"https:\/\/kidsmealsinc.org\/wp-content\/uploads\/Building-Renderings.png 1280w, https:\/\/kidsmealsinc.org\/wp-content\/uploads\/Building-Renderings-900x450.png 900w, https:\/\/kidsmealsinc.org\/wp-content\/uploads\/Building-Renderings-1024x512.png 1024w, https:\/\/kidsmealsinc.org\/wp-content\/uploads\/Building-Renderings-300x150.png 300w, https:\/\/kidsmealsinc.org\/wp-content\/uploads\/Building-Renderings-768x384.png 768w, https:\/\/kidsmealsinc.org\/wp-content\/uploads\/Building-Renderings-18x9.png 18w, https:\/\/kidsmealsinc.org\/wp-content\/uploads\/Building-Renderings-1080x540.png 1080w, https:\/\/kidsmealsinc.org\/wp-content\/uploads\/Building-Renderings-980x490.png 980w, https:\/\/kidsmealsinc.org\/wp-content\/uploads\/Building-Renderings-480x240.png 480w\" sizes=\"(max-width: 1280px) 100vw, 1280px\" \/>\t\t\t\t\t\t\t\t\t\t\t\t\t\t\t<\/div>\n\t\t\t\t<\/div>\n\t\t\t\t<div class=\"elementor-element elementor-element-4d125ed elementor-widget__width-initial elementor-widget elementor-widget-heading\" data-id=\"4d125ed\" data-element_type=\"widget\" data-e-type=\"widget\" data-widget_type=\"heading.default\">\n\t\t\t\t<div class=\"elementor-widget-container\">\n\t\t\t\t\t<h3 class=\"elementor-heading-title elementor-size-default\">En este nuevo edificio, podremos acoger a m\u00e1s voluntarios, almacenar m\u00e1s alimentos, empaquetar m\u00e1s comidas y ofrecer m\u00e1s almuerzos sanos y gratuitos a los ni\u00f1os de nuestra comunidad.<\/h3>\t\t\t\t<\/div>\n\t\t\t\t<\/div>\n\t\t\t\t<div class=\"elementor-element elementor-element-b0aaf8e elementor-widget__width-initial elementor-widget elementor-widget-text-editor\" data-id=\"b0aaf8e\" data-element_type=\"widget\" data-e-type=\"widget\" data-widget_type=\"text-editor.default\">\n\t\t\t\t<div class=\"elementor-widget-container\">\n\t\t\t\t\t\t\t\t\t<p>Adem\u00e1s de mejorar nuestra eficiencia operativa, el nuevo edificio servir\u00e1 de centro neur\u00e1lgico para la comunidad. Espacios como una cafeter\u00eda y zonas para eventos no s\u00f3lo ofrecer\u00e1n lugares para actos comunitarios, recaudaciones de fondos y programas educativos, sino que tambi\u00e9n simbolizar\u00e1n el esfuerzo colectivo de nuestra comunidad para hacer frente al hambre infantil.<\/p><p>Houston puede ser la primera ciudad en acabar con el hambre infantil, y el nuevo edificio de Kids' Meals es un paso adelante en esta direcci\u00f3n. Porque ning\u00fan ni\u00f1o deber\u00eda pasar hambre. SIEMPRE.<\/p><p><a href=\"https:\/\/kidsmealsinc.org\/wp-content\/uploads\/Updated-July-2025-Naming-Opportunities-as-of-77.pdf\">Click here to learn about naming opportunities<\/a> or email\u00a0<a href=\"mailto:ali@kidsmealsinc.org\">ali@kidsmealsinc.org<\/a><\/p>\t\t\t\t\t\t\t\t<\/div>\n\t\t\t\t<\/div>\n\t\t\t\t<div class=\"elementor-element elementor-element-e4d7598 elementor-align-center elementor-widget__width-inherit elementor-widget elementor-widget-button\" data-id=\"e4d7598\" data-element_type=\"widget\" data-e-type=\"widget\" data-widget_type=\"button.default\">\n\t\t\t\t<div class=\"elementor-widget-container\">\n\t\t\t\t\t\t\t\t\t<div class=\"elementor-button-wrapper\">\n\t\t\t\t\t<a class=\"elementor-button elementor-button-link elementor-size-sm\" href=\"#form\">\n\t\t\t\t\t\t<span class=\"elementor-button-content-wrapper\">\n\t\t\t\t\t\t\t\t\t<span class=\"elementor-button-text\">Quiero construir la esperanza.<\/span>\n\t\t\t\t\t<\/span>\n\t\t\t\t\t<\/a>\n\t\t\t\t<\/div>\n\t\t\t\t\t\t\t\t<\/div>\n\t\t\t\t<\/div>\n\t\t<div class=\"elementor-element elementor-element-33b2292 e-con-full e-flex e-con e-child\" data-id=\"33b2292\" data-element_type=\"container\" data-e-type=\"container\">\n\t\t\t\t<div class=\"elementor-element elementor-element-49a02b5 elementor-widget elementor-widget-html\" data-id=\"49a02b5\" data-element_type=\"widget\" data-e-type=\"widget\" data-widget_type=\"html.default\">\n\t\t\t\t<div class=\"elementor-widget-container\">\n\t\t\t\t\t<iframe allowfullscreen=\"allowfullscreen\" allow=\"clipboard-write\" scrolling=\"no\" class=\"fp-iframe\" src=\"https:\/\/heyzine.com\/flip-book\/957ce021cc.html\" style=\"border: 0px; width: 100%; height: 313px;\"><\/iframe>\t\t\t\t<\/div>\n\t\t\t\t<\/div>\n\t\t\t\t<\/div>\n\t\t\t\t\t<\/div>\n\t\t\t\t<\/div>\n\t\t<div class=\"elementor-element elementor-element-886518c e-con-full e-flex e-con e-parent\" data-id=\"886518c\" data-element_type=\"container\" data-e-type=\"container\" data-settings=\"{&quot;background_background&quot;:&quot;classic&quot;}\">\n\t\t<div class=\"elementor-element elementor-element-f5cfe89 e-con-full e-flex e-con e-child\" data-id=\"f5cfe89\" data-element_type=\"container\" data-e-type=\"container\">\n\t\t\t\t<div class=\"elementor-element elementor-element-ded141f balanced elementor-widget elementor-widget-heading\" data-id=\"ded141f\" data-element_type=\"widget\" data-e-type=\"widget\" data-widget_type=\"heading.default\">\n\t\t\t\t<div class=\"elementor-widget-container\">\n\t\t\t\t\t<h3 class=\"elementor-heading-title elementor-size-default\">You can build hope for Houston\u2019s hungriest preschool-aged children<\/h3>\t\t\t\t<\/div>\n\t\t\t\t<\/div>\n\t\t\t\t<\/div>\n\t\t<div class=\"elementor-element elementor-element-4093baf e-con-full e-flex e-con e-child\" data-id=\"4093baf\" data-element_type=\"container\" data-e-type=\"container\" data-settings=\"{&quot;background_background&quot;:&quot;classic&quot;}\">\n\t\t\t\t<\/div>\n\t\t\t\t<\/div>\n\t\t<div class=\"elementor-element elementor-element-35722a3 pad e-flex e-con-boxed e-con e-parent\" data-id=\"35722a3\" data-element_type=\"container\" data-e-type=\"container\" id=\"form\">\n\t\t\t\t\t<div class=\"e-con-inner\">\n\t\t\t\t<div class=\"elementor-element elementor-element-f10ee8c elementor-widget__width-inherit elementor-widget elementor-widget-text-editor\" data-id=\"f10ee8c\" data-element_type=\"widget\" data-e-type=\"widget\" data-settings=\"{&quot;sticky&quot;:&quot;top&quot;,&quot;sticky_on&quot;:[&quot;desktop&quot;,&quot;tablet&quot;],&quot;sticky_offset&quot;:125,&quot;sticky_effects_offset&quot;:125,&quot;sticky_parent&quot;:&quot;yes&quot;,&quot;sticky_anchor_link_offset&quot;:0}\" data-widget_type=\"text-editor.default\">\n\t\t\t\t<div class=\"elementor-widget-container\">\n\t\t\t\t\t\t\t\t\t<div class=\"et_pb_module et_pb_text et_pb_text_3 et_pb_text_align_left et_pb_bg_layout_light\">\n<div class=\"et_pb_text_inner\">\n<h3>\u00a1Cree esperanza hoy mismo!<\/h3>\n<\/div>\n<\/div>\n<div class=\"et_pb_module et_pb_text et_pb_text_4 et_pb_text_align_left et_pb_bg_layout_light\">\n<div class=\"et_pb_text_inner\">\n<h4>Make a Pledge<\/h4>\n<em>Donate by check, public traded securities, electronic funds transfer<\/em>\n\n1.\u00a0<a href=\"https:\/\/kidsmealsinc.org\/wp-content\/uploads\/BHC-Fillable-Pledge-Form-updated.pdf\" target=\"_blank\" rel=\"noopener\">Download and fill-out the Pledge Form here.<\/a>\n\n2. Email the completed form to\u00a0<a href=\"mailto:Ali@kidsmealsinc.org\">Ali@kidsmealsinc.org<\/a>.\n\n<\/div>\n<\/div>\n<div class=\"et_pb_module et_pb_text et_pb_text_5 et_pb_text_align_left et_pb_bg_layout_light\">\n<div class=\"et_pb_text_inner\">\n<h4>Donate by Card<\/h4>\n<\/div>\n<\/div>\n<!-- Start form embed -->\n<script src=https:\/\/sky.blackbaudcdn.net\/static\/reg-form-loader\/5\/main.js><\/script>\n<!--\n  If you embed multiple forms on your page, only copy one of the <script> lines.\n  Otherwise, multiple copies of the form will appear.\n-->\n<div\n  data-blackbaud-registration-form\n data-blackbaud-registration-form-envid=\"p-2EBw8PLYb0Kdo0JOBweNZA\"\n  data-blackbaud-registration-form-id=\"cf6471c1-1e04-4405-9df9-469158f3e7a6\"\n  data-blackbaud-registration-form-zone=\"usa\"\n  data-blackbaud-registration-form-header-height=\"0\">\n  <!--\n    If your page has a header\/overlay, then you can set this\n    'data-blackbaud-registration-form-header-height' value\n    to your header height so that the payment form will\n    scroll to the proper location when opened.\n  -->\n<\/div>\n<!-- End form embed -->\t\t\t\t\t\t\t\t<\/div>\n\t\t\t\t<\/div>\n\t\t\t\t\t<\/div>\n\t\t\t\t<\/div>\n\t\t\t\t<\/div>","protected":false},"excerpt":{"rendered":"<p>The Vision We are developing a purpose-built 54,000-square-foot facility that will equip us to deliver 26,000 free, healthy meals to preschool-aged children by 2031. Thanks to your incredible support, we have outgrown our current rental space! With over 100,000 preschool-aged children in Harris County living unsure of their next meal, expansion is crucial to meet [&hellip;]<\/p>","protected":false},"author":17,"featured_media":0,"parent":0,"menu_order":9,"comment_status":"closed","ping_status":"closed","template":"elementor_header_footer","meta":{"_acf_changed":false,"footnotes":"","_links_to":"","_links_to_target":""},"class_list":["post-16238","page","type-page","status-publish","hentry"],"acf":[],"yoast_head":"<!-- This site is optimized with the Yoast SEO plugin v26.9 - https:\/\/yoast.com\/product\/yoast-seo-wordpress\/ -->\n<title>Building Hope Campaign - Kids&#039; Meals Inc.<\/title>\n<meta name=\"robots\" content=\"index, follow, max-snippet:-1, max-image-preview:large, max-video-preview:-1\" \/>\n<link rel=\"canonical\" href=\"https:\/\/kidsmealsinc.org\/es\/building-hope-campaign\/\" \/>\n<meta property=\"og:locale\" content=\"es_MX\" \/>\n<meta property=\"og:type\" content=\"article\" \/>\n<meta property=\"og:title\" content=\"Building Hope Campaign - Kids&#039; Meals Inc.\" \/>\n<meta property=\"og:description\" content=\"The Vision We are developing a purpose-built 54,000-square-foot facility that will equip us to deliver 26,000 free, healthy meals to preschool-aged children by 2031. Thanks to your incredible support, we have outgrown our current rental space! With over 100,000 preschool-aged children in Harris County living unsure of their next meal, expansion is crucial to meet [&hellip;]\" \/>\n<meta property=\"og:url\" content=\"https:\/\/kidsmealsinc.org\/es\/building-hope-campaign\/\" \/>\n<meta property=\"og:site_name\" content=\"Kids&#039; Meals Inc.\" \/>\n<meta property=\"article:modified_time\" content=\"2025-09-25T17:24:41+00:00\" \/>\n<meta property=\"og:image\" content=\"https:\/\/kidsmealsinc.org\/wp-content\/uploads\/Building-Renderings.png\" \/>\n\t<meta property=\"og:image:width\" content=\"1280\" \/>\n\t<meta property=\"og:image:height\" content=\"640\" \/>\n\t<meta property=\"og:image:type\" content=\"image\/png\" \/>\n<meta name=\"twitter:card\" content=\"summary_large_image\" \/>\n<meta name=\"twitter:label1\" content=\"Est. reading time\" \/>\n\t<meta name=\"twitter:data1\" content=\"2 minutos\" \/>\n<script type=\"application\/ld+json\" class=\"yoast-schema-graph\">{\"@context\":\"https:\/\/schema.org\",\"@graph\":[{\"@type\":\"WebPage\",\"@id\":\"https:\/\/kidsmealsinc.org\/building-hope-campaign\/\",\"url\":\"https:\/\/kidsmealsinc.org\/building-hope-campaign\/\",\"name\":\"Building Hope Campaign - Kids&#039; Meals Inc.\",\"isPartOf\":{\"@id\":\"https:\/\/kidsmealsinc.org\/#website\"},\"primaryImageOfPage\":{\"@id\":\"https:\/\/kidsmealsinc.org\/building-hope-campaign\/#primaryimage\"},\"image\":{\"@id\":\"https:\/\/kidsmealsinc.org\/building-hope-campaign\/#primaryimage\"},\"thumbnailUrl\":\"https:\/\/kidsmealsinc.org\/wp-content\/uploads\/Building-Renderings.png\",\"datePublished\":\"2025-05-21T20:46:00+00:00\",\"dateModified\":\"2025-09-25T17:24:41+00:00\",\"breadcrumb\":{\"@id\":\"https:\/\/kidsmealsinc.org\/building-hope-campaign\/#breadcrumb\"},\"inLanguage\":\"es\",\"potentialAction\":[{\"@type\":\"ReadAction\",\"target\":[\"https:\/\/kidsmealsinc.org\/building-hope-campaign\/\"]}]},{\"@type\":\"ImageObject\",\"inLanguage\":\"es\",\"@id\":\"https:\/\/kidsmealsinc.org\/building-hope-campaign\/#primaryimage\",\"url\":\"https:\/\/kidsmealsinc.org\/wp-content\/uploads\/Building-Renderings.png\",\"contentUrl\":\"https:\/\/kidsmealsinc.org\/wp-content\/uploads\/Building-Renderings.png\"},{\"@type\":\"BreadcrumbList\",\"@id\":\"https:\/\/kidsmealsinc.org\/building-hope-campaign\/#breadcrumb\",\"itemListElement\":[{\"@type\":\"ListItem\",\"position\":1,\"name\":\"Home\",\"item\":\"https:\/\/kidsmealsinc.org\/\"},{\"@type\":\"ListItem\",\"position\":2,\"name\":\"Building Hope Campaign\"}]},{\"@type\":\"WebSite\",\"@id\":\"https:\/\/kidsmealsinc.org\/#website\",\"url\":\"https:\/\/kidsmealsinc.org\/\",\"name\":\"Kids&#039; Meals Inc.\",\"description\":\"Delivering healthy meals to preschool-aged children\",\"publisher\":{\"@id\":\"https:\/\/kidsmealsinc.org\/#organization\"},\"potentialAction\":[{\"@type\":\"SearchAction\",\"target\":{\"@type\":\"EntryPoint\",\"urlTemplate\":\"https:\/\/kidsmealsinc.org\/?s={search_term_string}\"},\"query-input\":{\"@type\":\"PropertyValueSpecification\",\"valueRequired\":true,\"valueName\":\"search_term_string\"}}],\"inLanguage\":\"es\"},{\"@type\":\"Organization\",\"@id\":\"https:\/\/kidsmealsinc.org\/#organization\",\"name\":\"Kids&#039; Meals Inc.\",\"url\":\"https:\/\/kidsmealsinc.org\/\",\"logo\":{\"@type\":\"ImageObject\",\"inLanguage\":\"es\",\"@id\":\"https:\/\/kidsmealsinc.org\/#\/schema\/logo\/image\/\",\"url\":\"https:\/\/kidsmealsinc.org\/wp-content\/uploads\/Kids-Meals_h-Logo_Color-e1743012270845.png\",\"contentUrl\":\"https:\/\/kidsmealsinc.org\/wp-content\/uploads\/Kids-Meals_h-Logo_Color-e1743012270845.png\",\"width\":1107,\"height\":177,\"caption\":\"Kids&#039; Meals Inc.\"},\"image\":{\"@id\":\"https:\/\/kidsmealsinc.org\/#\/schema\/logo\/image\/\"}}]}<\/script>\n<!-- \/ Yoast SEO plugin. -->","yoast_head_json":{"title":"Building Hope Campaign - Kids&#039; Meals Inc.","robots":{"index":"index","follow":"follow","max-snippet":"max-snippet:-1","max-image-preview":"max-image-preview:large","max-video-preview":"max-video-preview:-1"},"canonical":"https:\/\/kidsmealsinc.org\/es\/building-hope-campaign\/","og_locale":"es_MX","og_type":"article","og_title":"Building Hope Campaign - Kids&#039; Meals Inc.","og_description":"The Vision We are developing a purpose-built 54,000-square-foot facility that will equip us to deliver 26,000 free, healthy meals to preschool-aged children by 2031. Thanks to your incredible support, we have outgrown our current rental space! With over 100,000 preschool-aged children in Harris County living unsure of their next meal, expansion is crucial to meet [&hellip;]","og_url":"https:\/\/kidsmealsinc.org\/es\/building-hope-campaign\/","og_site_name":"Kids&#039; Meals Inc.","article_modified_time":"2025-09-25T17:24:41+00:00","og_image":[{"width":1280,"height":640,"url":"https:\/\/kidsmealsinc.org\/wp-content\/uploads\/Building-Renderings.png","type":"image\/png"}],"twitter_card":"summary_large_image","twitter_misc":{"Est. reading time":"2 minutos"},"schema":{"@context":"https:\/\/schema.org","@graph":[{"@type":"WebPage","@id":"https:\/\/kidsmealsinc.org\/building-hope-campaign\/","url":"https:\/\/kidsmealsinc.org\/building-hope-campaign\/","name":"Building Hope Campaign - Kids&#039; Meals Inc.","isPartOf":{"@id":"https:\/\/kidsmealsinc.org\/#website"},"primaryImageOfPage":{"@id":"https:\/\/kidsmealsinc.org\/building-hope-campaign\/#primaryimage"},"image":{"@id":"https:\/\/kidsmealsinc.org\/building-hope-campaign\/#primaryimage"},"thumbnailUrl":"https:\/\/kidsmealsinc.org\/wp-content\/uploads\/Building-Renderings.png","datePublished":"2025-05-21T20:46:00+00:00","dateModified":"2025-09-25T17:24:41+00:00","breadcrumb":{"@id":"https:\/\/kidsmealsinc.org\/building-hope-campaign\/#breadcrumb"},"inLanguage":"es","potentialAction":[{"@type":"ReadAction","target":["https:\/\/kidsmealsinc.org\/building-hope-campaign\/"]}]},{"@type":"ImageObject","inLanguage":"es","@id":"https:\/\/kidsmealsinc.org\/building-hope-campaign\/#primaryimage","url":"https:\/\/kidsmealsinc.org\/wp-content\/uploads\/Building-Renderings.png","contentUrl":"https:\/\/kidsmealsinc.org\/wp-content\/uploads\/Building-Renderings.png"},{"@type":"BreadcrumbList","@id":"https:\/\/kidsmealsinc.org\/building-hope-campaign\/#breadcrumb","itemListElement":[{"@type":"ListItem","position":1,"name":"Home","item":"https:\/\/kidsmealsinc.org\/"},{"@type":"ListItem","position":2,"name":"Building Hope Campaign"}]},{"@type":"WebSite","@id":"https:\/\/kidsmealsinc.org\/#website","url":"https:\/\/kidsmealsinc.org\/","name":"Kids' Meals Inc.","description":"Comida sana para ni\u00f1os en edad preescolar","publisher":{"@id":"https:\/\/kidsmealsinc.org\/#organization"},"potentialAction":[{"@type":"SearchAction","target":{"@type":"EntryPoint","urlTemplate":"https:\/\/kidsmealsinc.org\/?s={search_term_string}"},"query-input":{"@type":"PropertyValueSpecification","valueRequired":true,"valueName":"search_term_string"}}],"inLanguage":"es"},{"@type":"Organization","@id":"https:\/\/kidsmealsinc.org\/#organization","name":"Kids' Meals Inc.","url":"https:\/\/kidsmealsinc.org\/","logo":{"@type":"ImageObject","inLanguage":"es","@id":"https:\/\/kidsmealsinc.org\/#\/schema\/logo\/image\/","url":"https:\/\/kidsmealsinc.org\/wp-content\/uploads\/Kids-Meals_h-Logo_Color-e1743012270845.png","contentUrl":"https:\/\/kidsmealsinc.org\/wp-content\/uploads\/Kids-Meals_h-Logo_Color-e1743012270845.png","width":1107,"height":177,"caption":"Kids&#039; Meals Inc."},"image":{"@id":"https:\/\/kidsmealsinc.org\/#\/schema\/logo\/image\/"}}]}},"_links":{"self":[{"href":"https:\/\/kidsmealsinc.org\/es\/wp-json\/wp\/v2\/pages\/16238","targetHints":{"allow":["GET"]}}],"collection":[{"href":"https:\/\/kidsmealsinc.org\/es\/wp-json\/wp\/v2\/pages"}],"about":[{"href":"https:\/\/kidsmealsinc.org\/es\/wp-json\/wp\/v2\/types\/page"}],"author":[{"embeddable":true,"href":"https:\/\/kidsmealsinc.org\/es\/wp-json\/wp\/v2\/users\/17"}],"replies":[{"embeddable":true,"href":"https:\/\/kidsmealsinc.org\/es\/wp-json\/wp\/v2\/comments?post=16238"}],"version-history":[{"count":0,"href":"https:\/\/kidsmealsinc.org\/es\/wp-json\/wp\/v2\/pages\/16238\/revisions"}],"wp:attachment":[{"href":"https:\/\/kidsmealsinc.org\/es\/wp-json\/wp\/v2\/media?parent=16238"}],"curies":[{"name":"wp","href":"https:\/\/api.w.org\/{rel}","templated":true}]}}