{"id":15086,"date":"2025-04-25T13:01:51","date_gmt":"2025-04-25T19:01:51","guid":{"rendered":"https:\/\/kidsmealsinc.org\/?page_id=15086"},"modified":"2025-06-03T09:24:11","modified_gmt":"2025-06-03T15:24:11","slug":"program","status":"publish","type":"page","link":"https:\/\/kidsmealsinc.org\/es\/harvestluncheon\/program\/","title":{"rendered":"Programa"},"content":{"rendered":"<div data-elementor-type=\"wp-page\" data-elementor-id=\"15086\" class=\"elementor elementor-15086\" data-elementor-post-type=\"page\">\n\t\t\t\t<div class=\"elementor-element elementor-element-5058920 e-con-full pad e-flex e-con e-parent\" data-id=\"5058920\" data-element_type=\"container\" data-e-type=\"container\" data-settings=\"{&quot;background_background&quot;:&quot;classic&quot;}\">\n\t\t\t\t<div class=\"elementor-element elementor-element-19db0c4 elementor-widget elementor-widget-heading\" data-id=\"19db0c4\" data-element_type=\"widget\" data-e-type=\"widget\" data-widget_type=\"heading.default\">\n\t\t\t\t<div class=\"elementor-widget-container\">\n\t\t\t\t\t<h1 class=\"elementor-heading-title elementor-size-default\">Almuerzo anual de la Cosecha<\/h1>\t\t\t\t<\/div>\n\t\t\t\t<\/div>\n\t\t\t\t<div class=\"elementor-element elementor-element-86aff59 elementor-widget elementor-widget-heading\" data-id=\"86aff59\" data-element_type=\"widget\" data-e-type=\"widget\" data-widget_type=\"heading.default\">\n\t\t\t\t<div class=\"elementor-widget-container\">\n\t\t\t\t\t<h1 class=\"elementor-heading-title elementor-size-default\">Programa<\/h1>\t\t\t\t<\/div>\n\t\t\t\t<\/div>\n\t\t\t\t<\/div>\n\t\t<div class=\"elementor-element elementor-element-8fc9876 pad e-flex e-con-boxed e-con e-parent\" data-id=\"8fc9876\" data-element_type=\"container\" data-e-type=\"container\">\n\t\t\t\t\t<div class=\"e-con-inner\">\n\t\t\t\t<div class=\"elementor-element elementor-element-ca7a381 elementor-widget elementor-widget-text-editor\" data-id=\"ca7a381\" data-element_type=\"widget\" data-e-type=\"widget\" data-widget_type=\"text-editor.default\">\n\t\t\t\t<div class=\"elementor-widget-container\">\n\t\t\t\t\t\t\t\t\t<h2>10 DE LA MA\u00d1ANA<\/h2>\n<h3>Mercado y Mimosas<\/h3>\n<h3>Encuentro y saludo VIP con los ponentes<\/h3>\n<h2>11.30 H<\/h2>\n<h3>Apertura de las puertas del sal\u00f3n de baile<\/h3>\n<h2>12:00 PM<\/h2>\n<h3>Presentador<\/h3>\n<h3>2025 Sillas<\/h3>\n<h4>Stacy y Jason Johnson<\/h4>\n<h3>Bienvenida del Director General<\/h3>\n<h4>Arpa Beth Braniff<\/h4>\n<h3>Bienvenida del Presidente del Consejo<\/h3>\n<h4>Michael Magilton<\/h4>\n<h3>Homenajeados 2025<\/h3>\n<h4><strong>Voluntario de empresa galardonado<\/strong> Zurich Norteam\u00e9rica<\/h4>\n<h4><strong>Empresa galardonada<\/strong> m Socios estrat\u00e9gicos<\/h4>\n<h4><strong>Golda y Gil Baker<\/strong> Restaurantes Pappas<\/h4>\n<h4><strong>Voluntario homenajeado<\/strong> Tina Good<\/h4>\n<h4><strong>Homenajeado por el Legado Burrell<\/strong> Satterfield &amp; Pontikes Construcci\u00f3n<\/h4>\n<h3>Familia del a\u00f1o<\/h3>\n<h2>12:30 PM<\/h2>\n<h3>Orador destacado, el astronauta Jos\u00e9 Hern\u00e1ndez<\/h3>\t\t\t\t\t\t\t\t<\/div>\n\t\t\t\t<\/div>\n\t\t\t\t<div class=\"elementor-element elementor-element-29206d6 elementor-widget elementor-widget-n-accordion\" data-id=\"29206d6\" data-element_type=\"widget\" data-e-type=\"widget\" data-settings=\"{&quot;default_state&quot;:&quot;all_collapsed&quot;,&quot;n_accordion_animation_duration&quot;:{&quot;unit&quot;:&quot;ms&quot;,&quot;size&quot;:0,&quot;sizes&quot;:[]},&quot;max_items_expended&quot;:&quot;one&quot;}\" data-widget_type=\"nested-accordion.default\">\n\t\t\t\t<div class=\"elementor-widget-container\">\n\t\t\t\t\t\t\t<div class=\"e-n-accordion\" aria-label=\"Acorde\u00f3n. Abra los enlaces con Intro o Espacio, ci\u00e9rrelos con Escape y navegue con las teclas de flecha.\">\n\t\t\t\t\t\t<details id=\"e-n-accordion-item-4310\" class=\"e-n-accordion-item\" >\n\t\t\t\t<summary class=\"e-n-accordion-item-title\" data-accordion-index=\"1\" tabindex=\"0\" aria-expanded=\"false\" aria-controls=\"e-n-accordion-item-4310\" >\n\t\t\t\t\t<span class='e-n-accordion-item-title-header'><div class=\"e-n-accordion-item-title-text\"> Leer biograf\u00eda <\/div><\/span>\n\t\t\t\t\t\t\t\t\t<\/summary>\n\t\t\t\t<div role=\"region\" aria-labelledby=\"e-n-accordion-item-4310\" class=\"elementor-element elementor-element-013335a e-con-full e-flex e-con e-child\" data-id=\"013335a\" data-element_type=\"container\" data-e-type=\"container\">\n\t\t\t\t<div class=\"elementor-element elementor-element-c35b746 elementor-widget elementor-widget-text-editor\" data-id=\"c35b746\" data-element_type=\"widget\" data-e-type=\"widget\" data-widget_type=\"text-editor.default\">\n\t\t\t\t<div class=\"elementor-widget-container\">\n\t\t\t\t\t\t\t\t\t<p>El Dr. Jos\u00e9 Hern\u00e1ndez es regente de la Universidad de California y presidente y consejero delegado de Tierra Luna Engineering, LLC, una empresa de consultor\u00eda de ingenier\u00eda aeroespacial. De 2001 a 2011, el Dr. Hern\u00e1ndez trabaj\u00f3 en el Centro Espacial Johnson de la NASA en diversas funciones, como analista legislativo, jefe de rama, ingeniero de investigaci\u00f3n de materiales y astronauta. Fue asignado al transbordador espacial Discovery y sirvi\u00f3 como ingeniero de vuelo en su pen\u00faltima misi\u00f3n, STS-128, que complet\u00f3 la construcci\u00f3n de la Estaci\u00f3n Espacial Internacional. Durante esta misi\u00f3n de 14 d\u00edas, el Dr. Hern\u00e1ndez y su tripulaci\u00f3n entregaron e instalaron m\u00e1s de 7 toneladas de equipos en la ISS.<\/p><p>Antes de trabajar en la NASA, el Dr. Hern\u00e1ndez pas\u00f3 17 a\u00f1os en el Laboratorio Nacional Lawrence Livermore, donde contribuy\u00f3 al proyecto de l\u00e1ser de rayos X y codesarroll\u00f3 el primer sistema de mamograf\u00eda digital de campo completo para la detecci\u00f3n precoz del c\u00e1ncer de mama. Adem\u00e1s, trabaj\u00f3 en el campo de la no proliferaci\u00f3n nuclear, desempe\u00f1ando el cargo de Director Adjunto de Programa del Laboratorio para el Programa de Aplicaci\u00f3n del Uranio Altamente Enriquecido en Rusia y de Director de Programa en la Oficina de Protecci\u00f3n y Cooperaci\u00f3n Internacional de Materiales del Departamento de Energ\u00eda de los Estados Unidos.<\/p><p>Adem\u00e1s de dirigir su empresa de consultor\u00eda aeroespacial, el Dr. Hern\u00e1ndez es autor de tres libros y actualmente trabaja en la publicaci\u00f3n del cuarto. Uno de sus libros es una autobiograf\u00eda titulada Reaching for the Stars, que sirvi\u00f3 de base para la pel\u00edcula de Amazon Prime Video A Million Miles Away, protagonizada por Michael Pe\u00f1a. Ha cerrado el c\u00edrculo con sus ra\u00edces, ya que tambi\u00e9n posee y explota un vi\u00f1edo, en el que produce tres variedades de vino bajo su marca Tierra Luna Cellars. El Dr. Hern\u00e1ndez es tambi\u00e9n un conferenciante motivacional de fama mundial y muy ocupado. Sus libros autografiados, vinos y conferencias pueden obtenerse a trav\u00e9s de su sitio web tierralunacellars.com.<\/p><p>El Dr. Hern\u00e1ndez posee un m\u00e1ster en Ingenier\u00eda de Se\u00f1ales y Sistemas por la Universidad de California en Santa B\u00e1rbara y una licenciatura en Ingenier\u00eda El\u00e9ctrica por la Universidad del Pac\u00edfico. Ha recibido nueve doctorados honoris causa.<\/p>\t\t\t\t\t\t\t\t<\/div>\n\t\t\t\t<\/div>\n\t\t\t\t<\/div>\n\t\t\t\t\t<\/details>\n\t\t\t\t\t<\/div>\n\t\t\t\t\t\t<\/div>\n\t\t\t\t<\/div>\n\t\t\t\t<div class=\"elementor-element elementor-element-02de032 elementor-widget elementor-widget-text-editor\" data-id=\"02de032\" data-element_type=\"widget\" data-e-type=\"widget\" data-widget_type=\"text-editor.default\">\n\t\t\t\t<div class=\"elementor-widget-container\">\n\t\t\t\t\t\t\t\t\t<h2>13:00 H<\/h2><h3>Observaciones finales<\/h3>\t\t\t\t\t\t\t\t<\/div>\n\t\t\t\t<\/div>\n\t\t\t\t\t<\/div>\n\t\t\t\t<\/div>\n\t\t\t\t<\/div>","protected":false},"excerpt":{"rendered":"<p>Annual Harvest Luncheon Program 10:00 AM Market and Mimosas VIP Speaker Meet and Greet 11:30 AM Ballroom doors open 12:00 PM Emcee 2025 Chairs Stacy and Jason Johnson CEO Welcome Beth Braniff Harp Board Chair Welcome Michael Magilton 2025 Honorees Corporate Volunteer Honoree Zurich North America Corporate Honoree m Strategic Partners Golda and Gil Baker [&hellip;]<\/p>","protected":false},"author":17,"featured_media":0,"parent":3341,"menu_order":5,"comment_status":"closed","ping_status":"closed","template":"elementor_header_footer","meta":{"_acf_changed":false,"footnotes":"","_links_to":"","_links_to_target":""},"class_list":["post-15086","page","type-page","status-publish","hentry"],"acf":[],"yoast_head":"<!-- This site is optimized with the Yoast SEO plugin v26.9 - https:\/\/yoast.com\/product\/yoast-seo-wordpress\/ -->\n<title>Program - Kids&#039; Meals Inc.<\/title>\n<meta name=\"robots\" content=\"index, follow, max-snippet:-1, max-image-preview:large, max-video-preview:-1\" \/>\n<link rel=\"canonical\" href=\"https:\/\/kidsmealsinc.org\/es\/harvestluncheon\/program\/\" \/>\n<meta property=\"og:locale\" content=\"es_MX\" \/>\n<meta property=\"og:type\" content=\"article\" \/>\n<meta property=\"og:title\" content=\"Program - Kids&#039; Meals Inc.\" \/>\n<meta property=\"og:description\" content=\"Annual Harvest Luncheon Program 10:00 AM Market and Mimosas VIP Speaker Meet and Greet 11:30 AM Ballroom doors open 12:00 PM Emcee 2025 Chairs Stacy and Jason Johnson CEO Welcome Beth Braniff Harp Board Chair Welcome Michael Magilton 2025 Honorees Corporate Volunteer Honoree Zurich North America Corporate Honoree m Strategic Partners Golda and Gil Baker [&hellip;]\" \/>\n<meta property=\"og:url\" content=\"https:\/\/kidsmealsinc.org\/es\/harvestluncheon\/program\/\" \/>\n<meta property=\"og:site_name\" content=\"Kids&#039; Meals Inc.\" \/>\n<meta property=\"article:modified_time\" content=\"2025-06-03T15:24:11+00:00\" \/>\n<meta property=\"og:image\" content=\"https:\/\/kidsmealsinc.org\/wp-content\/uploads\/IMG_4964-cropped.png\" \/>\n\t<meta property=\"og:image:width\" content=\"200\" \/>\n\t<meta property=\"og:image:height\" content=\"200\" \/>\n\t<meta property=\"og:image:type\" content=\"image\/png\" \/>\n<meta name=\"twitter:card\" content=\"summary_large_image\" \/>\n<meta name=\"twitter:label1\" content=\"Est. reading time\" \/>\n\t<meta name=\"twitter:data1\" content=\"4 minutos\" \/>\n<script type=\"application\/ld+json\" class=\"yoast-schema-graph\">{\"@context\":\"https:\/\/schema.org\",\"@graph\":[{\"@type\":\"WebPage\",\"@id\":\"https:\/\/kidsmealsinc.org\/harvestluncheon\/program\/\",\"url\":\"https:\/\/kidsmealsinc.org\/harvestluncheon\/program\/\",\"name\":\"Program - Kids&#039; Meals Inc.\",\"isPartOf\":{\"@id\":\"https:\/\/kidsmealsinc.org\/#website\"},\"datePublished\":\"2025-04-25T19:01:51+00:00\",\"dateModified\":\"2025-06-03T15:24:11+00:00\",\"breadcrumb\":{\"@id\":\"https:\/\/kidsmealsinc.org\/harvestluncheon\/program\/#breadcrumb\"},\"inLanguage\":\"es\",\"potentialAction\":[{\"@type\":\"ReadAction\",\"target\":[\"https:\/\/kidsmealsinc.org\/harvestluncheon\/program\/\"]}]},{\"@type\":\"BreadcrumbList\",\"@id\":\"https:\/\/kidsmealsinc.org\/harvestluncheon\/program\/#breadcrumb\",\"itemListElement\":[{\"@type\":\"ListItem\",\"position\":1,\"name\":\"Home\",\"item\":\"https:\/\/kidsmealsinc.org\/\"},{\"@type\":\"ListItem\",\"position\":2,\"name\":\"Annual Harvest Luncheon\",\"item\":\"https:\/\/kidsmealsinc.org\/harvestluncheon\/\"},{\"@type\":\"ListItem\",\"position\":3,\"name\":\"Program\"}]},{\"@type\":\"WebSite\",\"@id\":\"https:\/\/kidsmealsinc.org\/#website\",\"url\":\"https:\/\/kidsmealsinc.org\/\",\"name\":\"Kids&#039; Meals Inc.\",\"description\":\"Delivering healthy meals to preschool-aged children\",\"publisher\":{\"@id\":\"https:\/\/kidsmealsinc.org\/#organization\"},\"potentialAction\":[{\"@type\":\"SearchAction\",\"target\":{\"@type\":\"EntryPoint\",\"urlTemplate\":\"https:\/\/kidsmealsinc.org\/?s={search_term_string}\"},\"query-input\":{\"@type\":\"PropertyValueSpecification\",\"valueRequired\":true,\"valueName\":\"search_term_string\"}}],\"inLanguage\":\"es\"},{\"@type\":\"Organization\",\"@id\":\"https:\/\/kidsmealsinc.org\/#organization\",\"name\":\"Kids&#039; Meals Inc.\",\"url\":\"https:\/\/kidsmealsinc.org\/\",\"logo\":{\"@type\":\"ImageObject\",\"inLanguage\":\"es\",\"@id\":\"https:\/\/kidsmealsinc.org\/#\/schema\/logo\/image\/\",\"url\":\"https:\/\/kidsmealsinc.org\/wp-content\/uploads\/Kids-Meals_h-Logo_Color-e1743012270845.png\",\"contentUrl\":\"https:\/\/kidsmealsinc.org\/wp-content\/uploads\/Kids-Meals_h-Logo_Color-e1743012270845.png\",\"width\":1107,\"height\":177,\"caption\":\"Kids&#039; Meals Inc.\"},\"image\":{\"@id\":\"https:\/\/kidsmealsinc.org\/#\/schema\/logo\/image\/\"}}]}<\/script>\n<!-- \/ Yoast SEO plugin. -->","yoast_head_json":{"title":"Program - Kids&#039; Meals Inc.","robots":{"index":"index","follow":"follow","max-snippet":"max-snippet:-1","max-image-preview":"max-image-preview:large","max-video-preview":"max-video-preview:-1"},"canonical":"https:\/\/kidsmealsinc.org\/es\/harvestluncheon\/program\/","og_locale":"es_MX","og_type":"article","og_title":"Program - Kids&#039; Meals Inc.","og_description":"Annual Harvest Luncheon Program 10:00 AM Market and Mimosas VIP Speaker Meet and Greet 11:30 AM Ballroom doors open 12:00 PM Emcee 2025 Chairs Stacy and Jason Johnson CEO Welcome Beth Braniff Harp Board Chair Welcome Michael Magilton 2025 Honorees Corporate Volunteer Honoree Zurich North America Corporate Honoree m Strategic Partners Golda and Gil Baker [&hellip;]","og_url":"https:\/\/kidsmealsinc.org\/es\/harvestluncheon\/program\/","og_site_name":"Kids&#039; Meals Inc.","article_modified_time":"2025-06-03T15:24:11+00:00","og_image":[{"width":200,"height":200,"url":"https:\/\/kidsmealsinc.org\/wp-content\/uploads\/IMG_4964-cropped.png","type":"image\/png"}],"twitter_card":"summary_large_image","twitter_misc":{"Est. reading time":"4 minutos"},"schema":{"@context":"https:\/\/schema.org","@graph":[{"@type":"WebPage","@id":"https:\/\/kidsmealsinc.org\/harvestluncheon\/program\/","url":"https:\/\/kidsmealsinc.org\/harvestluncheon\/program\/","name":"Program - Kids&#039; Meals Inc.","isPartOf":{"@id":"https:\/\/kidsmealsinc.org\/#website"},"datePublished":"2025-04-25T19:01:51+00:00","dateModified":"2025-06-03T15:24:11+00:00","breadcrumb":{"@id":"https:\/\/kidsmealsinc.org\/harvestluncheon\/program\/#breadcrumb"},"inLanguage":"es","potentialAction":[{"@type":"ReadAction","target":["https:\/\/kidsmealsinc.org\/harvestluncheon\/program\/"]}]},{"@type":"BreadcrumbList","@id":"https:\/\/kidsmealsinc.org\/harvestluncheon\/program\/#breadcrumb","itemListElement":[{"@type":"ListItem","position":1,"name":"Home","item":"https:\/\/kidsmealsinc.org\/"},{"@type":"ListItem","position":2,"name":"Annual Harvest Luncheon","item":"https:\/\/kidsmealsinc.org\/harvestluncheon\/"},{"@type":"ListItem","position":3,"name":"Program"}]},{"@type":"WebSite","@id":"https:\/\/kidsmealsinc.org\/#website","url":"https:\/\/kidsmealsinc.org\/","name":"Kids' Meals Inc.","description":"Comida sana para ni\u00f1os en edad preescolar","publisher":{"@id":"https:\/\/kidsmealsinc.org\/#organization"},"potentialAction":[{"@type":"SearchAction","target":{"@type":"EntryPoint","urlTemplate":"https:\/\/kidsmealsinc.org\/?s={search_term_string}"},"query-input":{"@type":"PropertyValueSpecification","valueRequired":true,"valueName":"search_term_string"}}],"inLanguage":"es"},{"@type":"Organization","@id":"https:\/\/kidsmealsinc.org\/#organization","name":"Kids' Meals Inc.","url":"https:\/\/kidsmealsinc.org\/","logo":{"@type":"ImageObject","inLanguage":"es","@id":"https:\/\/kidsmealsinc.org\/#\/schema\/logo\/image\/","url":"https:\/\/kidsmealsinc.org\/wp-content\/uploads\/Kids-Meals_h-Logo_Color-e1743012270845.png","contentUrl":"https:\/\/kidsmealsinc.org\/wp-content\/uploads\/Kids-Meals_h-Logo_Color-e1743012270845.png","width":1107,"height":177,"caption":"Kids&#039; Meals Inc."},"image":{"@id":"https:\/\/kidsmealsinc.org\/#\/schema\/logo\/image\/"}}]}},"_links":{"self":[{"href":"https:\/\/kidsmealsinc.org\/es\/wp-json\/wp\/v2\/pages\/15086","targetHints":{"allow":["GET"]}}],"collection":[{"href":"https:\/\/kidsmealsinc.org\/es\/wp-json\/wp\/v2\/pages"}],"about":[{"href":"https:\/\/kidsmealsinc.org\/es\/wp-json\/wp\/v2\/types\/page"}],"author":[{"embeddable":true,"href":"https:\/\/kidsmealsinc.org\/es\/wp-json\/wp\/v2\/users\/17"}],"replies":[{"embeddable":true,"href":"https:\/\/kidsmealsinc.org\/es\/wp-json\/wp\/v2\/comments?post=15086"}],"version-history":[{"count":0,"href":"https:\/\/kidsmealsinc.org\/es\/wp-json\/wp\/v2\/pages\/15086\/revisions"}],"up":[{"embeddable":true,"href":"https:\/\/kidsmealsinc.org\/es\/wp-json\/wp\/v2\/pages\/3341"}],"wp:attachment":[{"href":"https:\/\/kidsmealsinc.org\/es\/wp-json\/wp\/v2\/media?parent=15086"}],"curies":[{"name":"wp","href":"https:\/\/api.w.org\/{rel}","templated":true}]}}